{"id":1137,"date":"2020-02-20T17:21:27","date_gmt":"2020-02-20T16:21:27","guid":{"rendered":"http:\/\/edafoeduca.es\/?page_id=1137"},"modified":"2021-12-07T15:01:03","modified_gmt":"2021-12-07T14:01:03","slug":"jornada-de-exposicion-de-instrumentos-y-metodos-de-medida-de-erosion","status":"publish","type":"page","link":"https:\/\/edafoeduca.es\/index.php\/jornada-de-exposicion-de-instrumentos-y-metodos-de-medida-de-erosion\/","title":{"rendered":"Jornada de exposici\u00f3n de instrumentos y m\u00e9todos de medida de erosi\u00f3n (Febrero 2020)"},"content":{"rendered":"\n<figure class=\"wp-block-image size-full\"><img decoding=\"async\" loading=\"lazy\" width=\"960\" height=\"720\" src=\"http:\/\/edafoeduca.es\/wp-content\/uploads\/2020\/02\/Jornada-Exposicion-Inst-Eros-febrero-2020-SECS.jpg\" alt=\"\" class=\"wp-image-1138\" srcset=\"https:\/\/edafoeduca.es\/wp-content\/uploads\/2020\/02\/Jornada-Exposicion-Inst-Eros-febrero-2020-SECS.jpg 960w, https:\/\/edafoeduca.es\/wp-content\/uploads\/2020\/02\/Jornada-Exposicion-Inst-Eros-febrero-2020-SECS-300x225.jpg 300w, https:\/\/edafoeduca.es\/wp-content\/uploads\/2020\/02\/Jornada-Exposicion-Inst-Eros-febrero-2020-SECS-768x576.jpg 768w\" sizes=\"(max-width: 960px) 100vw, 960px\" \/><\/figure>\n\n\n\n<figure class=\"wp-block-image size-large\"><img decoding=\"async\" loading=\"lazy\" width=\"1024\" height=\"768\" src=\"https:\/\/edafoeduca.es\/wp-content\/uploads\/2020\/02\/20200213_135225-1024x768.jpg\" alt=\"\" class=\"wp-image-1143\" srcset=\"https:\/\/edafoeduca.es\/wp-content\/uploads\/2020\/02\/20200213_135225-1024x768.jpg 1024w, https:\/\/edafoeduca.es\/wp-content\/uploads\/2020\/02\/20200213_135225-300x225.jpg 300w, https:\/\/edafoeduca.es\/wp-content\/uploads\/2020\/02\/20200213_135225-768x576.jpg 768w, https:\/\/edafoeduca.es\/wp-content\/uploads\/2020\/02\/20200213_135225-1536x1152.jpg 1536w, https:\/\/edafoeduca.es\/wp-content\/uploads\/2020\/02\/20200213_135225-2048x1536.jpg 2048w\" sizes=\"(max-width: 1024px) 100vw, 1024px\" \/><\/figure>\n\n\n\n<figure class=\"wp-block-image size-large\"><img decoding=\"async\" loading=\"lazy\" width=\"1024\" height=\"768\" src=\"https:\/\/edafoeduca.es\/wp-content\/uploads\/2020\/02\/20200213_1311160-1024x768.jpg\" alt=\"\" class=\"wp-image-1144\" srcset=\"https:\/\/edafoeduca.es\/wp-content\/uploads\/2020\/02\/20200213_1311160-1024x768.jpg 1024w, https:\/\/edafoeduca.es\/wp-content\/uploads\/2020\/02\/20200213_1311160-300x225.jpg 300w, https:\/\/edafoeduca.es\/wp-content\/uploads\/2020\/02\/20200213_1311160-768x576.jpg 768w, https:\/\/edafoeduca.es\/wp-content\/uploads\/2020\/02\/20200213_1311160-1536x1152.jpg 1536w, https:\/\/edafoeduca.es\/wp-content\/uploads\/2020\/02\/20200213_1311160-2048x1536.jpg 2048w\" sizes=\"(max-width: 1024px) 100vw, 1024px\" \/><\/figure>\n\n\n\n<figure class=\"wp-block-image size-large\"><img decoding=\"async\" loading=\"lazy\" width=\"1024\" height=\"768\" src=\"https:\/\/edafoeduca.es\/wp-content\/uploads\/2020\/02\/20200213_125756-1024x768.jpg\" alt=\"\" class=\"wp-image-1145\" srcset=\"https:\/\/edafoeduca.es\/wp-content\/uploads\/2020\/02\/20200213_125756-1024x768.jpg 1024w, https:\/\/edafoeduca.es\/wp-content\/uploads\/2020\/02\/20200213_125756-300x225.jpg 300w, https:\/\/edafoeduca.es\/wp-content\/uploads\/2020\/02\/20200213_125756-768x576.jpg 768w, https:\/\/edafoeduca.es\/wp-content\/uploads\/2020\/02\/20200213_125756-1536x1152.jpg 1536w, https:\/\/edafoeduca.es\/wp-content\/uploads\/2020\/02\/20200213_125756-2048x1536.jpg 2048w\" sizes=\"(max-width: 1024px) 100vw, 1024px\" \/><\/figure>\n\n\n\n<figure class=\"wp-block-image size-large\"><img decoding=\"async\" loading=\"lazy\" width=\"1024\" height=\"768\" src=\"https:\/\/edafoeduca.es\/wp-content\/uploads\/2020\/02\/20200213_125604-1024x768.jpg\" alt=\"\" class=\"wp-image-1146\" srcset=\"https:\/\/edafoeduca.es\/wp-content\/uploads\/2020\/02\/20200213_125604-1024x768.jpg 1024w, https:\/\/edafoeduca.es\/wp-content\/uploads\/2020\/02\/20200213_125604-300x225.jpg 300w, https:\/\/edafoeduca.es\/wp-content\/uploads\/2020\/02\/20200213_125604-768x576.jpg 768w, https:\/\/edafoeduca.es\/wp-content\/uploads\/2020\/02\/20200213_125604-1536x1152.jpg 1536w, https:\/\/edafoeduca.es\/wp-content\/uploads\/2020\/02\/20200213_125604-2048x1536.jpg 2048w\" sizes=\"(max-width: 1024px) 100vw, 1024px\" \/><\/figure>\n\n\n\n<figure class=\"wp-block-image size-large\"><img decoding=\"async\" loading=\"lazy\" width=\"1024\" height=\"768\" src=\"https:\/\/edafoeduca.es\/wp-content\/uploads\/2020\/02\/20200213_133241-1024x768.jpg\" alt=\"\" class=\"wp-image-1147\" srcset=\"https:\/\/edafoeduca.es\/wp-content\/uploads\/2020\/02\/20200213_133241-1024x768.jpg 1024w, https:\/\/edafoeduca.es\/wp-content\/uploads\/2020\/02\/20200213_133241-300x225.jpg 300w, https:\/\/edafoeduca.es\/wp-content\/uploads\/2020\/02\/20200213_133241-768x576.jpg 768w, https:\/\/edafoeduca.es\/wp-content\/uploads\/2020\/02\/20200213_133241-1536x1152.jpg 1536w, https:\/\/edafoeduca.es\/wp-content\/uploads\/2020\/02\/20200213_133241-2048x1536.jpg 2048w\" sizes=\"(max-width: 1024px) 100vw, 1024px\" \/><\/figure>\n\n\n\n<figure class=\"wp-block-image size-large\"><img decoding=\"async\" loading=\"lazy\" width=\"768\" height=\"1024\" src=\"https:\/\/edafoeduca.es\/wp-content\/uploads\/2020\/02\/20200213_134216-768x1024.jpg\" alt=\"\" class=\"wp-image-1148\" srcset=\"https:\/\/edafoeduca.es\/wp-content\/uploads\/2020\/02\/20200213_134216-768x1024.jpg 768w, https:\/\/edafoeduca.es\/wp-content\/uploads\/2020\/02\/20200213_134216-225x300.jpg 225w, https:\/\/edafoeduca.es\/wp-content\/uploads\/2020\/02\/20200213_134216-1152x1536.jpg 1152w, https:\/\/edafoeduca.es\/wp-content\/uploads\/2020\/02\/20200213_134216-1536x2048.jpg 1536w, https:\/\/edafoeduca.es\/wp-content\/uploads\/2020\/02\/20200213_134216-scaled.jpg 1920w\" sizes=\"(max-width: 768px) 100vw, 768px\" \/><\/figure>\n\n\n\n<figure class=\"wp-block-image size-large\"><img decoding=\"async\" loading=\"lazy\" width=\"768\" height=\"1024\" src=\"https:\/\/edafoeduca.es\/wp-content\/uploads\/2020\/02\/20200213_134852-768x1024.jpg\" alt=\"\" class=\"wp-image-1150\" srcset=\"https:\/\/edafoeduca.es\/wp-content\/uploads\/2020\/02\/20200213_134852-768x1024.jpg 768w, https:\/\/edafoeduca.es\/wp-content\/uploads\/2020\/02\/20200213_134852-225x300.jpg 225w, https:\/\/edafoeduca.es\/wp-content\/uploads\/2020\/02\/20200213_134852-1152x1536.jpg 1152w, https:\/\/edafoeduca.es\/wp-content\/uploads\/2020\/02\/20200213_134852-1536x2048.jpg 1536w, https:\/\/edafoeduca.es\/wp-content\/uploads\/2020\/02\/20200213_134852-scaled.jpg 1920w\" sizes=\"(max-width: 768px) 100vw, 768px\" \/><\/figure>\n","protected":false},"excerpt":{"rendered":"","protected":false},"author":1,"featured_media":0,"parent":0,"menu_order":0,"comment_status":"closed","ping_status":"closed","template":"","meta":{"footnotes":""},"yoast_head":"<!-- This site is optimized with the Yoast SEO plugin v20.4 - https:\/\/yoast.com\/wordpress\/plugins\/seo\/ -->\n<title>Jornada de exposici\u00f3n de instrumentos y m\u00e9todos de medida de erosi\u00f3n (Febrero 2020) - Ense\u00f1anza en la Ciencia del Suelo<\/title>\n<meta name=\"robots\" content=\"index, follow, max-snippet:-1, max-image-preview:large, max-video-preview:-1\" \/>\n<link rel=\"canonical\" href=\"https:\/\/edafoeduca.es\/index.php\/jornada-de-exposicion-de-instrumentos-y-metodos-de-medida-de-erosion\/\" \/>\n<meta property=\"og:locale\" content=\"es_ES\" \/>\n<meta property=\"og:type\" content=\"article\" \/>\n<meta property=\"og:title\" content=\"Jornada de exposici\u00f3n de instrumentos y m\u00e9todos de medida de erosi\u00f3n (Febrero 2020) - Ense\u00f1anza en la Ciencia del Suelo\" \/>\n<meta property=\"og:url\" content=\"https:\/\/edafoeduca.es\/index.php\/jornada-de-exposicion-de-instrumentos-y-metodos-de-medida-de-erosion\/\" \/>\n<meta property=\"og:site_name\" content=\"Ense\u00f1anza en la Ciencia del Suelo\" \/>\n<meta property=\"article:modified_time\" content=\"2021-12-07T14:01:03+00:00\" \/>\n<meta property=\"og:image\" content=\"http:\/\/edafoeduca.es\/wp-content\/uploads\/2020\/02\/Jornada-Exposicion-Inst-Eros-febrero-2020-SECS.jpg\" \/>\n<meta name=\"twitter:card\" content=\"summary_large_image\" \/>\n<script type=\"application\/ld+json\" class=\"yoast-schema-graph\">{\"@context\":\"https:\/\/schema.org\",\"@graph\":[{\"@type\":\"WebPage\",\"@id\":\"https:\/\/edafoeduca.es\/index.php\/jornada-de-exposicion-de-instrumentos-y-metodos-de-medida-de-erosion\/\",\"url\":\"https:\/\/edafoeduca.es\/index.php\/jornada-de-exposicion-de-instrumentos-y-metodos-de-medida-de-erosion\/\",\"name\":\"Jornada de exposici\u00f3n de instrumentos y m\u00e9todos de medida de erosi\u00f3n (Febrero 2020) - Ense\u00f1anza en la Ciencia del Suelo\",\"isPartOf\":{\"@id\":\"https:\/\/edafoeduca.es\/#website\"},\"datePublished\":\"2020-02-20T16:21:27+00:00\",\"dateModified\":\"2021-12-07T14:01:03+00:00\",\"breadcrumb\":{\"@id\":\"https:\/\/edafoeduca.es\/index.php\/jornada-de-exposicion-de-instrumentos-y-metodos-de-medida-de-erosion\/#breadcrumb\"},\"inLanguage\":\"es\",\"potentialAction\":[{\"@type\":\"ReadAction\",\"target\":[\"https:\/\/edafoeduca.es\/index.php\/jornada-de-exposicion-de-instrumentos-y-metodos-de-medida-de-erosion\/\"]}]},{\"@type\":\"BreadcrumbList\",\"@id\":\"https:\/\/edafoeduca.es\/index.php\/jornada-de-exposicion-de-instrumentos-y-metodos-de-medida-de-erosion\/#breadcrumb\",\"itemListElement\":[{\"@type\":\"ListItem\",\"position\":1,\"name\":\"Portada\",\"item\":\"https:\/\/edafoeduca.es\/\"},{\"@type\":\"ListItem\",\"position\":2,\"name\":\"Jornada de exposici\u00f3n de instrumentos y m\u00e9todos de medida de erosi\u00f3n (Febrero 2020)\"}]},{\"@type\":\"WebSite\",\"@id\":\"https:\/\/edafoeduca.es\/#website\",\"url\":\"https:\/\/edafoeduca.es\/\",\"name\":\"Ense\u00f1anza en la Ciencia del Suelo\",\"description\":\"Edafoeduca_SECS\",\"potentialAction\":[{\"@type\":\"SearchAction\",\"target\":{\"@type\":\"EntryPoint\",\"urlTemplate\":\"https:\/\/edafoeduca.es\/?s={search_term_string}\"},\"query-input\":\"required name=search_term_string\"}],\"inLanguage\":\"es\"}]}<\/script>\n<!-- \/ Yoast SEO plugin. -->","yoast_head_json":{"title":"Jornada de exposici\u00f3n de instrumentos y m\u00e9todos de medida de erosi\u00f3n (Febrero 2020) - Ense\u00f1anza en la Ciencia del Suelo","robots":{"index":"index","follow":"follow","max-snippet":"max-snippet:-1","max-image-preview":"max-image-preview:large","max-video-preview":"max-video-preview:-1"},"canonical":"https:\/\/edafoeduca.es\/index.php\/jornada-de-exposicion-de-instrumentos-y-metodos-de-medida-de-erosion\/","og_locale":"es_ES","og_type":"article","og_title":"Jornada de exposici\u00f3n de instrumentos y m\u00e9todos de medida de erosi\u00f3n (Febrero 2020) - Ense\u00f1anza en la Ciencia del Suelo","og_url":"https:\/\/edafoeduca.es\/index.php\/jornada-de-exposicion-de-instrumentos-y-metodos-de-medida-de-erosion\/","og_site_name":"Ense\u00f1anza en la Ciencia del Suelo","article_modified_time":"2021-12-07T14:01:03+00:00","og_image":[{"url":"http:\/\/edafoeduca.es\/wp-content\/uploads\/2020\/02\/Jornada-Exposicion-Inst-Eros-febrero-2020-SECS.jpg"}],"twitter_card":"summary_large_image","schema":{"@context":"https:\/\/schema.org","@graph":[{"@type":"WebPage","@id":"https:\/\/edafoeduca.es\/index.php\/jornada-de-exposicion-de-instrumentos-y-metodos-de-medida-de-erosion\/","url":"https:\/\/edafoeduca.es\/index.php\/jornada-de-exposicion-de-instrumentos-y-metodos-de-medida-de-erosion\/","name":"Jornada de exposici\u00f3n de instrumentos y m\u00e9todos de medida de erosi\u00f3n (Febrero 2020) - Ense\u00f1anza en la Ciencia del Suelo","isPartOf":{"@id":"https:\/\/edafoeduca.es\/#website"},"datePublished":"2020-02-20T16:21:27+00:00","dateModified":"2021-12-07T14:01:03+00:00","breadcrumb":{"@id":"https:\/\/edafoeduca.es\/index.php\/jornada-de-exposicion-de-instrumentos-y-metodos-de-medida-de-erosion\/#breadcrumb"},"inLanguage":"es","potentialAction":[{"@type":"ReadAction","target":["https:\/\/edafoeduca.es\/index.php\/jornada-de-exposicion-de-instrumentos-y-metodos-de-medida-de-erosion\/"]}]},{"@type":"BreadcrumbList","@id":"https:\/\/edafoeduca.es\/index.php\/jornada-de-exposicion-de-instrumentos-y-metodos-de-medida-de-erosion\/#breadcrumb","itemListElement":[{"@type":"ListItem","position":1,"name":"Portada","item":"https:\/\/edafoeduca.es\/"},{"@type":"ListItem","position":2,"name":"Jornada de exposici\u00f3n de instrumentos y m\u00e9todos de medida de erosi\u00f3n (Febrero 2020)"}]},{"@type":"WebSite","@id":"https:\/\/edafoeduca.es\/#website","url":"https:\/\/edafoeduca.es\/","name":"Ense\u00f1anza en la Ciencia del Suelo","description":"Edafoeduca_SECS","potentialAction":[{"@type":"SearchAction","target":{"@type":"EntryPoint","urlTemplate":"https:\/\/edafoeduca.es\/?s={search_term_string}"},"query-input":"required name=search_term_string"}],"inLanguage":"es"}]}},"_links":{"self":[{"href":"https:\/\/edafoeduca.es\/index.php\/wp-json\/wp\/v2\/pages\/1137"}],"collection":[{"href":"https:\/\/edafoeduca.es\/index.php\/wp-json\/wp\/v2\/pages"}],"about":[{"href":"https:\/\/edafoeduca.es\/index.php\/wp-json\/wp\/v2\/types\/page"}],"author":[{"embeddable":true,"href":"https:\/\/edafoeduca.es\/index.php\/wp-json\/wp\/v2\/users\/1"}],"replies":[{"embeddable":true,"href":"https:\/\/edafoeduca.es\/index.php\/wp-json\/wp\/v2\/comments?post=1137"}],"version-history":[{"count":7,"href":"https:\/\/edafoeduca.es\/index.php\/wp-json\/wp\/v2\/pages\/1137\/revisions"}],"predecessor-version":[{"id":1888,"href":"https:\/\/edafoeduca.es\/index.php\/wp-json\/wp\/v2\/pages\/1137\/revisions\/1888"}],"wp:attachment":[{"href":"https:\/\/edafoeduca.es\/index.php\/wp-json\/wp\/v2\/media?parent=1137"}],"curies":[{"name":"wp","href":"https:\/\/api.w.org\/{rel}","templated":true}]}}