{"id":547,"date":"2019-01-09T11:21:57","date_gmt":"2019-01-09T10:21:57","guid":{"rendered":"http:\/\/edafoeduca.es\/?page_id=547"},"modified":"2019-01-10T10:11:15","modified_gmt":"2019-01-10T09:11:15","slug":"suelos-cambio-climatico-soils-and-climate-change","status":"publish","type":"page","link":"https:\/\/edafoeduca.es\/index.php\/suelos-cambio-climatico-soils-and-climate-change\/","title":{"rendered":"Suelos y cambio clim\u00e1tico"},"content":{"rendered":"<div id=\"attachment_555\" style=\"width: 810px\" class=\"wp-caption aligncenter\"><img aria-describedby=\"caption-attachment-555\" decoding=\"async\" loading=\"lazy\" class=\"wp-image-555 size-full\" src=\"http:\/\/edafoeduca.es\/wp-content\/uploads\/2019\/01\/FAO-Suelos-Cambio-Climatico-Soil-Climate-change-1.jpg\" alt=\"\" width=\"800\" height=\"227\" srcset=\"https:\/\/edafoeduca.es\/wp-content\/uploads\/2019\/01\/FAO-Suelos-Cambio-Climatico-Soil-Climate-change-1.jpg 800w, https:\/\/edafoeduca.es\/wp-content\/uploads\/2019\/01\/FAO-Suelos-Cambio-Climatico-Soil-Climate-change-1-300x85.jpg 300w, https:\/\/edafoeduca.es\/wp-content\/uploads\/2019\/01\/FAO-Suelos-Cambio-Climatico-Soil-Climate-change-1-768x218.jpg 768w\" sizes=\"(max-width: 800px) 100vw, 800px\" \/><p id=\"caption-attachment-555\" class=\"wp-caption-text\">Fuente: FAO<\/p><\/div>\n<p style=\"text-align: justify;\">El suelo es un elemento importante en el sistema clim\u00e1tico. Es el segundo dep\u00f3sito o sumidero de carbono, despu\u00e9s de los oc\u00e9anos.<\/p>\n<div id=\"attachment_556\" style=\"width: 810px\" class=\"wp-caption aligncenter\"><img aria-describedby=\"caption-attachment-556\" decoding=\"async\" loading=\"lazy\" class=\"wp-image-556 size-full\" src=\"http:\/\/edafoeduca.es\/wp-content\/uploads\/2019\/01\/FAO-Suelos-Ciclo-Carbono-Soil-Carbon-cycle.jpg\" alt=\"\" width=\"800\" height=\"548\" srcset=\"https:\/\/edafoeduca.es\/wp-content\/uploads\/2019\/01\/FAO-Suelos-Ciclo-Carbono-Soil-Carbon-cycle.jpg 800w, https:\/\/edafoeduca.es\/wp-content\/uploads\/2019\/01\/FAO-Suelos-Ciclo-Carbono-Soil-Carbon-cycle-300x206.jpg 300w, https:\/\/edafoeduca.es\/wp-content\/uploads\/2019\/01\/FAO-Suelos-Ciclo-Carbono-Soil-Carbon-cycle-768x526.jpg 768w\" sizes=\"(max-width: 800px) 100vw, 800px\" \/><p id=\"caption-attachment-556\" class=\"wp-caption-text\">Fuente: FAO<\/p><\/div>\n<p><a href=\"https:\/\/youtu.be\/8_69vy7ZBxE\"><img decoding=\"async\" loading=\"lazy\" class=\"aligncenter size-large wp-image-563\" src=\"http:\/\/edafoeduca.es\/wp-content\/uploads\/2019\/01\/Soil-Climate-change-1024x576.png\" alt=\"\" width=\"640\" height=\"360\" srcset=\"https:\/\/edafoeduca.es\/wp-content\/uploads\/2019\/01\/Soil-Climate-change-1024x576.png 1024w, https:\/\/edafoeduca.es\/wp-content\/uploads\/2019\/01\/Soil-Climate-change-300x169.png 300w, https:\/\/edafoeduca.es\/wp-content\/uploads\/2019\/01\/Soil-Climate-change-768x432.png 768w, https:\/\/edafoeduca.es\/wp-content\/uploads\/2019\/01\/Soil-Climate-change.png 1920w\" sizes=\"(max-width: 640px) 100vw, 640px\" \/><\/a><\/p>\n<p style=\"text-align: justify;\">Los investigadores profundizan en los efectos del cambio clim\u00e1tico sobre los suelos. \u00bfProvocar\u00e1 el cambio clim\u00e9tico un mayor almacenamiento de carbono en el suelo debido a un mayor crecimiento de la vegetaci\u00f3n?, \u00bfen qu\u00e9 zonas del planeta Tierra puede darse este mayor almacenamiento?.<\/p>\n<p style=\"text-align: justify;\">El suelo, gestionado correctamente, puede ayudarnos a reducir los gases de efecto invernadero y a adaptarnos a los efectos del cambio clim\u00e1tico.<\/p>\n<p style=\"text-align: center;\"><img decoding=\"async\" loading=\"lazy\" class=\"aligncenter size-full wp-image-557\" src=\"http:\/\/edafoeduca.es\/wp-content\/uploads\/2019\/01\/FAO-Suelo-Manejo-sostenible-Soil-Sustainable-management.jpg\" alt=\"\" width=\"800\" height=\"447\" srcset=\"https:\/\/edafoeduca.es\/wp-content\/uploads\/2019\/01\/FAO-Suelo-Manejo-sostenible-Soil-Sustainable-management.jpg 800w, https:\/\/edafoeduca.es\/wp-content\/uploads\/2019\/01\/FAO-Suelo-Manejo-sostenible-Soil-Sustainable-management-300x168.jpg 300w, https:\/\/edafoeduca.es\/wp-content\/uploads\/2019\/01\/FAO-Suelo-Manejo-sostenible-Soil-Sustainable-management-768x429.jpg 768w\" sizes=\"(max-width: 800px) 100vw, 800px\" \/><\/p>\n<p style=\"text-align: justify;\">Pero si no nos preocupamos por el suelo, podemos agravar los problemas relacionados con el cambio clim\u00e1tico.<\/p>\n<div id=\"attachment_558\" style=\"width: 810px\" class=\"wp-caption aligncenter\"><img aria-describedby=\"caption-attachment-558\" decoding=\"async\" loading=\"lazy\" class=\"wp-image-558 size-full\" src=\"http:\/\/edafoeduca.es\/wp-content\/uploads\/2019\/01\/FAO-Suelos-manejados-inadecuadamente-soil-Climate-change.jpg\" alt=\"\" width=\"800\" height=\"592\" srcset=\"https:\/\/edafoeduca.es\/wp-content\/uploads\/2019\/01\/FAO-Suelos-manejados-inadecuadamente-soil-Climate-change.jpg 800w, https:\/\/edafoeduca.es\/wp-content\/uploads\/2019\/01\/FAO-Suelos-manejados-inadecuadamente-soil-Climate-change-300x222.jpg 300w, https:\/\/edafoeduca.es\/wp-content\/uploads\/2019\/01\/FAO-Suelos-manejados-inadecuadamente-soil-Climate-change-768x568.jpg 768w\" sizes=\"(max-width: 800px) 100vw, 800px\" \/><p id=\"caption-attachment-558\" class=\"wp-caption-text\">Fuente: FAO<\/p><\/div>\n<p style=\"text-align: justify;\">Como indica la Agencia Europea de Medio Ambiente la recuperaci\u00f3n de ecosistemas esenciales en la tierra y el uso sostenible del suelo en zonas rurales y urbanas pueden ayudarnos a mitigar el cambio clim\u00e1tico y a adaptarnos a este.<\/p>\n<p style=\"text-align: justify;\">Un suelo sano puede contribuir a mitigar el cambio clim\u00e1tico, sin embargo no todos los suelos son iguales, hay suelo como las turberas que almacenan grandes cantidades de carbono y hay suelos de zonas \u00e1ridas y semi\u00e1ridas que almacenan menos carbono.<\/p>\n<p style=\"text-align: justify;\">Gran parte de la sociedad es cada d\u00eda m\u00e1s consciente de la importancia de cuidar nuestro planeta a trav\u00e9s de nuestras actitudes y valores.<\/p>\n","protected":false},"excerpt":{"rendered":"<p>El suelo es un elemento importante en el sistema clim\u00e1tico. Es el segundo dep\u00f3sito o sumidero de carbono, despu\u00e9s de los oc\u00e9anos. Los investigadores profundizan en los efectos del cambio clim\u00e1tico sobre los suelos. \u00bfProvocar\u00e1 el cambio clim\u00e9tico un mayor &hellip; <a href=\"https:\/\/edafoeduca.es\/index.php\/suelos-cambio-climatico-soils-and-climate-change\/\">Sigue leyendo <span class=\"meta-nav\">&rarr;<\/span><\/a><\/p>\n","protected":false},"author":1,"featured_media":0,"parent":0,"menu_order":0,"comment_status":"closed","ping_status":"closed","template":"","meta":{"footnotes":""},"yoast_head":"<!-- This site is optimized with the Yoast SEO plugin v20.4 - https:\/\/yoast.com\/wordpress\/plugins\/seo\/ -->\n<title>Suelos y cambio clim\u00e1tico - Ense\u00f1anza en la Ciencia del Suelo<\/title>\n<meta name=\"robots\" content=\"index, follow, max-snippet:-1, max-image-preview:large, max-video-preview:-1\" \/>\n<link rel=\"canonical\" href=\"https:\/\/edafoeduca.es\/index.php\/suelos-cambio-climatico-soils-and-climate-change\/\" \/>\n<meta property=\"og:locale\" content=\"es_ES\" \/>\n<meta property=\"og:type\" content=\"article\" \/>\n<meta property=\"og:title\" content=\"Suelos y cambio clim\u00e1tico - Ense\u00f1anza en la Ciencia del Suelo\" \/>\n<meta property=\"og:description\" content=\"El suelo es un elemento importante en el sistema clim\u00e1tico. Es el segundo dep\u00f3sito o sumidero de carbono, despu\u00e9s de los oc\u00e9anos. Los investigadores profundizan en los efectos del cambio clim\u00e1tico sobre los suelos. \u00bfProvocar\u00e1 el cambio clim\u00e9tico un mayor &hellip; Sigue leyendo &rarr;\" \/>\n<meta property=\"og:url\" content=\"https:\/\/edafoeduca.es\/index.php\/suelos-cambio-climatico-soils-and-climate-change\/\" \/>\n<meta property=\"og:site_name\" content=\"Ense\u00f1anza en la Ciencia del Suelo\" \/>\n<meta property=\"article:modified_time\" content=\"2019-01-10T09:11:15+00:00\" \/>\n<meta property=\"og:image\" content=\"http:\/\/edafoeduca.es\/wp-content\/uploads\/2019\/01\/FAO-Suelos-Cambio-Climatico-Soil-Climate-change-1.jpg\" \/>\n<meta name=\"twitter:card\" content=\"summary_large_image\" \/>\n<meta name=\"twitter:label1\" content=\"Tiempo de lectura\" \/>\n\t<meta name=\"twitter:data1\" content=\"1 minuto\" \/>\n<script type=\"application\/ld+json\" class=\"yoast-schema-graph\">{\"@context\":\"https:\/\/schema.org\",\"@graph\":[{\"@type\":\"WebPage\",\"@id\":\"https:\/\/edafoeduca.es\/index.php\/suelos-cambio-climatico-soils-and-climate-change\/\",\"url\":\"https:\/\/edafoeduca.es\/index.php\/suelos-cambio-climatico-soils-and-climate-change\/\",\"name\":\"Suelos y cambio clim\u00e1tico - Ense\u00f1anza en la Ciencia del Suelo\",\"isPartOf\":{\"@id\":\"https:\/\/edafoeduca.es\/#website\"},\"datePublished\":\"2019-01-09T10:21:57+00:00\",\"dateModified\":\"2019-01-10T09:11:15+00:00\",\"breadcrumb\":{\"@id\":\"https:\/\/edafoeduca.es\/index.php\/suelos-cambio-climatico-soils-and-climate-change\/#breadcrumb\"},\"inLanguage\":\"es\",\"potentialAction\":[{\"@type\":\"ReadAction\",\"target\":[\"https:\/\/edafoeduca.es\/index.php\/suelos-cambio-climatico-soils-and-climate-change\/\"]}]},{\"@type\":\"BreadcrumbList\",\"@id\":\"https:\/\/edafoeduca.es\/index.php\/suelos-cambio-climatico-soils-and-climate-change\/#breadcrumb\",\"itemListElement\":[{\"@type\":\"ListItem\",\"position\":1,\"name\":\"Portada\",\"item\":\"https:\/\/edafoeduca.es\/\"},{\"@type\":\"ListItem\",\"position\":2,\"name\":\"Suelos y cambio clim\u00e1tico\"}]},{\"@type\":\"WebSite\",\"@id\":\"https:\/\/edafoeduca.es\/#website\",\"url\":\"https:\/\/edafoeduca.es\/\",\"name\":\"Ense\u00f1anza en la Ciencia del Suelo\",\"description\":\"Edafoeduca_SECS\",\"potentialAction\":[{\"@type\":\"SearchAction\",\"target\":{\"@type\":\"EntryPoint\",\"urlTemplate\":\"https:\/\/edafoeduca.es\/?s={search_term_string}\"},\"query-input\":\"required name=search_term_string\"}],\"inLanguage\":\"es\"}]}<\/script>\n<!-- \/ Yoast SEO plugin. -->","yoast_head_json":{"title":"Suelos y cambio clim\u00e1tico - Ense\u00f1anza en la Ciencia del Suelo","robots":{"index":"index","follow":"follow","max-snippet":"max-snippet:-1","max-image-preview":"max-image-preview:large","max-video-preview":"max-video-preview:-1"},"canonical":"https:\/\/edafoeduca.es\/index.php\/suelos-cambio-climatico-soils-and-climate-change\/","og_locale":"es_ES","og_type":"article","og_title":"Suelos y cambio clim\u00e1tico - Ense\u00f1anza en la Ciencia del Suelo","og_description":"El suelo es un elemento importante en el sistema clim\u00e1tico. Es el segundo dep\u00f3sito o sumidero de carbono, despu\u00e9s de los oc\u00e9anos. Los investigadores profundizan en los efectos del cambio clim\u00e1tico sobre los suelos. \u00bfProvocar\u00e1 el cambio clim\u00e9tico un mayor &hellip; Sigue leyendo &rarr;","og_url":"https:\/\/edafoeduca.es\/index.php\/suelos-cambio-climatico-soils-and-climate-change\/","og_site_name":"Ense\u00f1anza en la Ciencia del Suelo","article_modified_time":"2019-01-10T09:11:15+00:00","og_image":[{"url":"http:\/\/edafoeduca.es\/wp-content\/uploads\/2019\/01\/FAO-Suelos-Cambio-Climatico-Soil-Climate-change-1.jpg"}],"twitter_card":"summary_large_image","twitter_misc":{"Tiempo de lectura":"1 minuto"},"schema":{"@context":"https:\/\/schema.org","@graph":[{"@type":"WebPage","@id":"https:\/\/edafoeduca.es\/index.php\/suelos-cambio-climatico-soils-and-climate-change\/","url":"https:\/\/edafoeduca.es\/index.php\/suelos-cambio-climatico-soils-and-climate-change\/","name":"Suelos y cambio clim\u00e1tico - Ense\u00f1anza en la Ciencia del Suelo","isPartOf":{"@id":"https:\/\/edafoeduca.es\/#website"},"datePublished":"2019-01-09T10:21:57+00:00","dateModified":"2019-01-10T09:11:15+00:00","breadcrumb":{"@id":"https:\/\/edafoeduca.es\/index.php\/suelos-cambio-climatico-soils-and-climate-change\/#breadcrumb"},"inLanguage":"es","potentialAction":[{"@type":"ReadAction","target":["https:\/\/edafoeduca.es\/index.php\/suelos-cambio-climatico-soils-and-climate-change\/"]}]},{"@type":"BreadcrumbList","@id":"https:\/\/edafoeduca.es\/index.php\/suelos-cambio-climatico-soils-and-climate-change\/#breadcrumb","itemListElement":[{"@type":"ListItem","position":1,"name":"Portada","item":"https:\/\/edafoeduca.es\/"},{"@type":"ListItem","position":2,"name":"Suelos y cambio clim\u00e1tico"}]},{"@type":"WebSite","@id":"https:\/\/edafoeduca.es\/#website","url":"https:\/\/edafoeduca.es\/","name":"Ense\u00f1anza en la Ciencia del Suelo","description":"Edafoeduca_SECS","potentialAction":[{"@type":"SearchAction","target":{"@type":"EntryPoint","urlTemplate":"https:\/\/edafoeduca.es\/?s={search_term_string}"},"query-input":"required name=search_term_string"}],"inLanguage":"es"}]}},"_links":{"self":[{"href":"https:\/\/edafoeduca.es\/index.php\/wp-json\/wp\/v2\/pages\/547"}],"collection":[{"href":"https:\/\/edafoeduca.es\/index.php\/wp-json\/wp\/v2\/pages"}],"about":[{"href":"https:\/\/edafoeduca.es\/index.php\/wp-json\/wp\/v2\/types\/page"}],"author":[{"embeddable":true,"href":"https:\/\/edafoeduca.es\/index.php\/wp-json\/wp\/v2\/users\/1"}],"replies":[{"embeddable":true,"href":"https:\/\/edafoeduca.es\/index.php\/wp-json\/wp\/v2\/comments?post=547"}],"version-history":[{"count":7,"href":"https:\/\/edafoeduca.es\/index.php\/wp-json\/wp\/v2\/pages\/547\/revisions"}],"predecessor-version":[{"id":564,"href":"https:\/\/edafoeduca.es\/index.php\/wp-json\/wp\/v2\/pages\/547\/revisions\/564"}],"wp:attachment":[{"href":"https:\/\/edafoeduca.es\/index.php\/wp-json\/wp\/v2\/media?parent=547"}],"curies":[{"name":"wp","href":"https:\/\/api.w.org\/{rel}","templated":true}]}}