{"id":60,"date":"2018-01-14T12:03:17","date_gmt":"2018-01-14T11:03:17","guid":{"rendered":"http:\/\/edafoeduca.es\/?page_id=60"},"modified":"2019-09-04T12:21:34","modified_gmt":"2019-09-04T10:21:34","slug":"actividades","status":"publish","type":"page","link":"https:\/\/edafoeduca.es\/index.php\/actividades\/","title":{"rendered":"Ciclo Seminarios suelo &#8211; clima"},"content":{"rendered":"<p style=\"text-align: justify;\">La <a href=\"http:\/\/www.secs.com.es\/\">Sociedad Espa\u00f1ola de la Ciencia del Suelo<\/a> junto con la <a href=\"http:\/\/www.upv.es\/entidades\/ETSIAMN\/\">ETSIAMN<\/a> (UPV) ha organizado un\u00a0<strong><u>CICLO DE SEMINARIOS Y ACTIVIDADES SOBRE SUELO Y CLIMA<\/u><\/strong>, con la finalidad de potenciar los conocimientos del alumnado universitario sobre suelo y clima. El Ciclo se ha llevado a cabo en la <a href=\"http:\/\/www.upv.es\/entidades\/ETSIAMN\/indexc.html\">Escuela T\u00e9cnica Superior de Ingenier\u00eda Agron\u00f3mica y del Medio Natural<\/a> de la Universitat Polit\u00e8cnica de Val\u00e8ncia.<\/p>\n<p style=\"text-align: right;\">28\/03\/2019<\/p>\n<p style=\"text-align: justify;\">El Dr. Jose Miguel de Paz ha impartido la conferencia <span style=\"text-decoration: underline;\"><strong>El suelo como factor productivo y ambiental a tener en cuenta en la agricultura valenciana. Casos pr\u00e1cticos: la fitotoxicidad por cloruro en caqui, la mineralizaci\u00f3n de la materia org\u00e1nica como fuente de nitr\u00f3geno, el suelo como secuestrante de CO<sub>2<\/sub> atmosf\u00e9rico<\/strong><\/span>.<\/p>\n<p><img decoding=\"async\" loading=\"lazy\" class=\"aligncenter size-full wp-image-647\" src=\"http:\/\/edafoeduca.es\/wp-content\/uploads\/2019\/09\/Cartel-Conferencia-Jose-Miguel-de-Paz-Marzo-2018.png\" alt=\"\" width=\"480\" height=\"695\" srcset=\"https:\/\/edafoeduca.es\/wp-content\/uploads\/2019\/09\/Cartel-Conferencia-Jose-Miguel-de-Paz-Marzo-2018.png 480w, https:\/\/edafoeduca.es\/wp-content\/uploads\/2019\/09\/Cartel-Conferencia-Jose-Miguel-de-Paz-Marzo-2018-207x300.png 207w\" sizes=\"(max-width: 480px) 100vw, 480px\" \/><\/p>\n<p>&nbsp;<\/p>\n<p style=\"text-align: right;\">5\/12\/2018<\/p>\n<p style=\"text-align: justify;\">El D\u00eda Mundial del Suelo lo hemos celebrado con la conferencia <span style=\"text-decoration: underline;\"><strong>SUELO Y RESIDUOS: IMPLICACIONES PARA LA ECONOM\u00cdA CIRCULAR Y LA MINIMIZACI\u00d3N DEL CAMBIO CLIM\u00c1TICO<\/strong><\/span>. Ha sido impartida por el Dr. Rafael Boluda Hern\u00e1ndez, catedr\u00e1tico de Edafolog\u00eda y Qu\u00edmica Agr\u00edcola de la Universitat de Val\u00e8ncia.<\/p>\n<p style=\"text-align: justify;\">El Dr. Boluda trat\u00f3, tanto de la importancia del suelo como recurso natural, como su papel en la econom\u00eda circular siendo un pilar importante como fijador de CO<sub>2<\/sub> e influyendo en la disminuci\u00f3n del efecto invernadero. Destac\u00f3 la importancia de la transformaci\u00f3n de residuos industriales, agr\u00edcolas y dom\u00e9sticos en recursos y su aplicaci\u00f3n, tomando las medidas necesarias, principalmente en los suelos agr\u00edcolas, aportando los residuos materia org\u00e1nica y elevando la fertilidad de los suelos.<\/p>\n<p><img decoding=\"async\" loading=\"lazy\" class=\"aligncenter size-full wp-image-643\" src=\"http:\/\/edafoeduca.es\/wp-content\/uploads\/2019\/09\/Conferencia-Rafa-Boluda-Dia-Mundial-Suelo-Dic-2018.png\" alt=\"\" width=\"954\" height=\"797\" srcset=\"https:\/\/edafoeduca.es\/wp-content\/uploads\/2019\/09\/Conferencia-Rafa-Boluda-Dia-Mundial-Suelo-Dic-2018.png 954w, https:\/\/edafoeduca.es\/wp-content\/uploads\/2019\/09\/Conferencia-Rafa-Boluda-Dia-Mundial-Suelo-Dic-2018-300x251.png 300w, https:\/\/edafoeduca.es\/wp-content\/uploads\/2019\/09\/Conferencia-Rafa-Boluda-Dia-Mundial-Suelo-Dic-2018-768x642.png 768w\" sizes=\"(max-width: 954px) 100vw, 954px\" \/><\/p>\n<p><img decoding=\"async\" loading=\"lazy\" class=\"aligncenter size-large wp-image-644\" src=\"http:\/\/edafoeduca.es\/wp-content\/uploads\/2019\/09\/Dia-Mundial-Suelo_Rafa-Boluda-505122018-1024x572.jpg\" alt=\"\" width=\"640\" height=\"358\" srcset=\"https:\/\/edafoeduca.es\/wp-content\/uploads\/2019\/09\/Dia-Mundial-Suelo_Rafa-Boluda-505122018-1024x572.jpg 1024w, https:\/\/edafoeduca.es\/wp-content\/uploads\/2019\/09\/Dia-Mundial-Suelo_Rafa-Boluda-505122018-300x168.jpg 300w, https:\/\/edafoeduca.es\/wp-content\/uploads\/2019\/09\/Dia-Mundial-Suelo_Rafa-Boluda-505122018-768x429.jpg 768w, https:\/\/edafoeduca.es\/wp-content\/uploads\/2019\/09\/Dia-Mundial-Suelo_Rafa-Boluda-505122018.jpg 1420w\" sizes=\"(max-width: 640px) 100vw, 640px\" \/><\/p>\n<p><img decoding=\"async\" loading=\"lazy\" class=\"size-large wp-image-645\" src=\"http:\/\/edafoeduca.es\/wp-content\/uploads\/2019\/09\/Dia-Mundial-Suelo_Rafa-Boluda-B-505122018-1024x381.jpg\" alt=\"\" width=\"640\" height=\"238\" srcset=\"https:\/\/edafoeduca.es\/wp-content\/uploads\/2019\/09\/Dia-Mundial-Suelo_Rafa-Boluda-B-505122018-1024x381.jpg 1024w, https:\/\/edafoeduca.es\/wp-content\/uploads\/2019\/09\/Dia-Mundial-Suelo_Rafa-Boluda-B-505122018-300x111.jpg 300w, https:\/\/edafoeduca.es\/wp-content\/uploads\/2019\/09\/Dia-Mundial-Suelo_Rafa-Boluda-B-505122018-768x285.jpg 768w\" sizes=\"(max-width: 640px) 100vw, 640px\" \/><\/p>\n<p>&nbsp;<\/p>\n<p style=\"text-align: right;\">10\/05\/2018<\/p>\n<p style=\"text-align: justify;\">La conferencia <strong><u>EL CLIMA DE LA COMUNIDAD VALENCIANA<\/u><\/strong> ha sido impartida por Vicente Pons Mart\u00ed, profesor de la Unidad Docente de Edafolog\u00eda de la Universitat de Val\u00e8ncia.<\/p>\n<p style=\"text-align: justify;\">El Dr. Pons ha detallado las <span class=\"st\">distintas redes de <em>estaciones meteorol\u00f3gicas<\/em> repartida a lo largo de la <em>Comunidad Valenciana<\/em>. Ha explicado la circulaci\u00f3n atmosf\u00e9rica de las masas de aire a nivel de la Comunidad Valenciana, as\u00ed como diferentes clasificaciones clim\u00e1ticas, la medida experimental de la evapotranspiraci\u00f3n, el fen\u00f3meno meteorol\u00f3gico de la gota fr\u00eda (DANA, depresi\u00f3n aislada en niveles altos) en la Comunidad Valenciana, as\u00ed como la obtenci\u00f3n de la R (factor erosividad de la lluvia) para la USLE (Ecuaci\u00f3n Universal de P\u00e9rdida de Suelo). Tambi\u00e9n ha hecho hincapi\u00e9 en los efectos de la torrencialidad con valores muy elevados en la Comunidad Valenciana, ofreciendo una gran cantidad de documentaci\u00f3n sobre efectos erosivos en episodios clim\u00e1ticos con precipitaciones intensas.\u00a0<\/span><\/p>\n<p style=\"text-align: justify;\"><b><\/b>\u00a0<img decoding=\"async\" loading=\"lazy\" class=\"wp-image-366 size-large\" src=\"http:\/\/edafoeduca.es\/wp-content\/uploads\/2018\/05\/Seminario-Clima-Vicente-Pons-1-1024x814.jpg\" alt=\"\" width=\"640\" height=\"509\" srcset=\"https:\/\/edafoeduca.es\/wp-content\/uploads\/2018\/05\/Seminario-Clima-Vicente-Pons-1-1024x814.jpg 1024w, https:\/\/edafoeduca.es\/wp-content\/uploads\/2018\/05\/Seminario-Clima-Vicente-Pons-1-300x239.jpg 300w, https:\/\/edafoeduca.es\/wp-content\/uploads\/2018\/05\/Seminario-Clima-Vicente-Pons-1-768x611.jpg 768w, https:\/\/edafoeduca.es\/wp-content\/uploads\/2018\/05\/Seminario-Clima-Vicente-Pons-1.jpg 1693w\" sizes=\"(max-width: 640px) 100vw, 640px\" \/><\/p>\n<p>&nbsp;<\/p>\n<p><img decoding=\"async\" loading=\"lazy\" class=\"wp-image-369 size-large\" src=\"http:\/\/edafoeduca.es\/wp-content\/uploads\/2018\/05\/Seminario-Clima-Vicente-Pons-5-1024x416.jpg\" alt=\"\" width=\"640\" height=\"260\" srcset=\"https:\/\/edafoeduca.es\/wp-content\/uploads\/2018\/05\/Seminario-Clima-Vicente-Pons-5-1024x416.jpg 1024w, https:\/\/edafoeduca.es\/wp-content\/uploads\/2018\/05\/Seminario-Clima-Vicente-Pons-5-300x122.jpg 300w, https:\/\/edafoeduca.es\/wp-content\/uploads\/2018\/05\/Seminario-Clima-Vicente-Pons-5-768x312.jpg 768w\" sizes=\"(max-width: 640px) 100vw, 640px\" \/><\/p>\n<p style=\"text-align: justify;\">Al final de la Conferencia se ha dado el Premio del Concurso \u00abElige una nube\u00bb. La ganadora ha sido Laura Cabrera, estudiante de segundo curso de la Escuela T\u00e9cnica Superior de Ingenier\u00eda Agron\u00f3mica y del Medio Natural.<\/p>\n<div id=\"attachment_376\" style=\"width: 650px\" class=\"wp-caption aligncenter\"><img aria-describedby=\"caption-attachment-376\" decoding=\"async\" loading=\"lazy\" class=\"wp-image-376 size-large\" src=\"http:\/\/edafoeduca.es\/wp-content\/uploads\/2018\/05\/Laura-Cabrera-1024x768.jpg\" alt=\"\" width=\"640\" height=\"480\" srcset=\"https:\/\/edafoeduca.es\/wp-content\/uploads\/2018\/05\/Laura-Cabrera-1024x768.jpg 1024w, https:\/\/edafoeduca.es\/wp-content\/uploads\/2018\/05\/Laura-Cabrera-300x225.jpg 300w, https:\/\/edafoeduca.es\/wp-content\/uploads\/2018\/05\/Laura-Cabrera-768x576.jpg 768w\" sizes=\"(max-width: 640px) 100vw, 640px\" \/><p id=\"caption-attachment-376\" class=\"wp-caption-text\">Embassament de Canelles (Montsec d&#8217;Almassora-Lleida). Laura Cabrera<\/p><\/div>\n<p style=\"text-align: right;\">22\/03\/2018<\/p>\n<p>La conferencia <strong><span style=\"text-decoration: underline;\">EL <\/span><u>COMPOSTAJE DE RESIDUOS<\/u><\/strong>\u00a0 ha sido impartida por Luis Roca P\u00e9rez.<\/p>\n<div class=\"gca-column one-half first\"><img decoding=\"async\" loading=\"lazy\" class=\"aligncenter wp-image-284 size-large\" src=\"http:\/\/edafoeduca.es\/wp-content\/uploads\/2018\/03\/Luis-Roca-1-1024x768.jpg\" alt=\"\" width=\"640\" height=\"480\" srcset=\"https:\/\/edafoeduca.es\/wp-content\/uploads\/2018\/03\/Luis-Roca-1-1024x768.jpg 1024w, https:\/\/edafoeduca.es\/wp-content\/uploads\/2018\/03\/Luis-Roca-1-300x225.jpg 300w, https:\/\/edafoeduca.es\/wp-content\/uploads\/2018\/03\/Luis-Roca-1-768x576.jpg 768w\" sizes=\"(max-width: 640px) 100vw, 640px\" \/>\u00a0<\/div>\n<div class=\"gca-column one-half\"><img decoding=\"async\" loading=\"lazy\" class=\"aligncenter wp-image-285 size-large\" src=\"http:\/\/edafoeduca.es\/wp-content\/uploads\/2018\/03\/Luis-Roca-2-1024x768.jpg\" alt=\"\" width=\"640\" height=\"480\" srcset=\"https:\/\/edafoeduca.es\/wp-content\/uploads\/2018\/03\/Luis-Roca-2-1024x768.jpg 1024w, https:\/\/edafoeduca.es\/wp-content\/uploads\/2018\/03\/Luis-Roca-2-300x225.jpg 300w, https:\/\/edafoeduca.es\/wp-content\/uploads\/2018\/03\/Luis-Roca-2-768x576.jpg 768w\" sizes=\"(max-width: 640px) 100vw, 640px\" \/><\/div>\n<p style=\"text-align: justify;\">El Dr. Luis Roca ha explicado detalladamente las fases del proceso de compostaje, los par\u00e1metros y factores que afectan al proceso, la estabilidad, madurez y calidad del compost, los residuos org\u00e1nicos que se pueden utilizar para hacer un compost, as\u00ed como las caracter\u00edsticas generales que deben cumplir los distintos compost de acuerdo con la legislaci\u00f3n actual. Tambi\u00e9n ha explicado la relaci\u00f3n entre compostaje y sostenibilidad, haciendo hincapi\u00e9 en la valorizaci\u00f3n de los residuos, en la disminuci\u00f3n de gases de efecto invernadero en un compostaje optimizado frente a la incineraci\u00f3n, digesti\u00f3n anaerobia incontrolada o el dep\u00f3sito en vertedero, en la contribuci\u00f3n al secuestro del C en el suelo, as\u00ed como en el papel del compost en la restauraci\u00f3n de la fertilidad natural de los suelos y el retorno de nutrientes al suelo. As\u00ed mimos ha comentado los resultados obtenidos en el proyecto de investigaci\u00f3n \u201cAprovechamiento del residuo del arroz para el compostaje de lodo de depuradora y efectos sobre el medioambiente\u201d. Finalmente, ha hablado de un proyecto pionero sobre \u201cCompostaje Comunitario\u201d que se est\u00e1 llevando a cabo en un hospital de la Comunidad Valenciana.<\/p>\n<p><img decoding=\"async\" loading=\"lazy\" class=\"aligncenter wp-image-286 size-large\" src=\"http:\/\/edafoeduca.es\/wp-content\/uploads\/2018\/03\/Luis-Roca-3-1024x582.jpg\" alt=\"\" width=\"640\" height=\"364\" srcset=\"https:\/\/edafoeduca.es\/wp-content\/uploads\/2018\/03\/Luis-Roca-3-1024x582.jpg 1024w, https:\/\/edafoeduca.es\/wp-content\/uploads\/2018\/03\/Luis-Roca-3-300x170.jpg 300w, https:\/\/edafoeduca.es\/wp-content\/uploads\/2018\/03\/Luis-Roca-3-768x436.jpg 768w\" sizes=\"(max-width: 640px) 100vw, 640px\" \/><\/p>\n<p>&nbsp;<\/p>\n<p style=\"text-align: right;\">15\/02\/2018<\/p>\n<p style=\"text-align: justify;\">La primera Conferencia ha versado sobre la <strong><u>CONTAMINACI\u00d3N Y REMEDIACI\u00d3N DE SUELOS<\/u><\/strong> y ha sido impartida por el Dr. Rafael Boluda Hern\u00e1ndez, catedr\u00e1tico de Edafolog\u00eda y Qu\u00edmica Agr\u00edcola de la Universitat de Val\u00e8ncia.<\/p>\n<div class=\"gca-column one-half first\"><img decoding=\"async\" loading=\"lazy\" class=\"aligncenter size-medium wp-image-137\" src=\"http:\/\/edafoeduca.es\/wp-content\/uploads\/2018\/02\/Conferencia-Rafael-Boluda_ETSIAMN15022018_1-300x225.jpg\" alt=\"\" width=\"300\" height=\"225\" srcset=\"https:\/\/edafoeduca.es\/wp-content\/uploads\/2018\/02\/Conferencia-Rafael-Boluda_ETSIAMN15022018_1-300x225.jpg 300w, https:\/\/edafoeduca.es\/wp-content\/uploads\/2018\/02\/Conferencia-Rafael-Boluda_ETSIAMN15022018_1-768x576.jpg 768w, https:\/\/edafoeduca.es\/wp-content\/uploads\/2018\/02\/Conferencia-Rafael-Boluda_ETSIAMN15022018_1-1024x768.jpg 1024w\" sizes=\"(max-width: 300px) 100vw, 300px\" \/><\/div>\n<div class=\"gca-column one-half\"><img decoding=\"async\" loading=\"lazy\" class=\"aligncenter size-medium wp-image-138\" src=\"http:\/\/edafoeduca.es\/wp-content\/uploads\/2018\/02\/Conferencia-Rafael-Boluda_ETSIAMN15022018_7-300x225.jpg\" alt=\"\" width=\"300\" height=\"225\" srcset=\"https:\/\/edafoeduca.es\/wp-content\/uploads\/2018\/02\/Conferencia-Rafael-Boluda_ETSIAMN15022018_7-300x225.jpg 300w, https:\/\/edafoeduca.es\/wp-content\/uploads\/2018\/02\/Conferencia-Rafael-Boluda_ETSIAMN15022018_7-768x576.jpg 768w, https:\/\/edafoeduca.es\/wp-content\/uploads\/2018\/02\/Conferencia-Rafael-Boluda_ETSIAMN15022018_7-1024x768.jpg 1024w\" sizes=\"(max-width: 300px) 100vw, 300px\" \/><\/div>\n<p>&nbsp;<\/p>\n<p style=\"text-align: justify;\">El Dr. Rafael Boluda ha tratado temas como el origen de la contaminaci\u00f3n de los suelos, tipos de contaminantes, riesgos ambientales y humanos que conlleva la contaminaci\u00f3n de suelos, as\u00ed como ha definido las t\u00e9cnicas de remediaci\u00f3n de suelos haciendo hincapi\u00e9 en las t\u00e9cnicas biol\u00f3gicas como la bioaumentaci\u00f3n o la bioestimulaci\u00f3n. Tambi\u00e9n ha reflexionado sobre la importancia del suelo como recurso natural no renovable a escala temporal humana, indicando sus funciones as\u00ed como recordando que el 95% de los alimentos se producen directa o indirectamente en los suelos y que una gesti\u00f3n sostenible de los suelos podr\u00eda incrementar hasta un 58% la producci\u00f3n de alimentos. Por otro lado, ha hablado sobre la incidencia de los metales pesado provenientes de la aplicaci\u00f3n de fertilizantes inorg\u00e1nicos y pesticidas en los suelos bajo cultivo de arroz as\u00ed como de la utilizaci\u00f3n de compuestos m\u00e1s amigables con el medio ambiente para su fertilizaci\u00f3n.<\/p>\n<p style=\"text-align: justify;\">Ha sido una conferencia con un alto nivel cient\u00edfico a la que han acudi\u00f3 m\u00e1s de cien alumnos pertenecientes a las titulaciones de Ingenier\u00eda Agron\u00f3mica e Ingenier\u00eda de Montes.<\/p>\n<p>&nbsp;<\/p>\n<p><span style=\"color: #ff9900;\"><span style=\"text-decoration: underline;\"><strong>Patrocina<\/strong><\/span>:<\/span><\/p>\n<div class=\"gca-column one-third first\"><a href=\"http:\/\/www.upv.es\/contenidos\/CATBAYER\/\"><img decoding=\"async\" loading=\"lazy\" class=\"aligncenter size-medium wp-image-83\" src=\"http:\/\/edafoeduca.es\/wp-content\/uploads\/2018\/01\/LogoCatedraBayerUPV-300x62.jpg\" alt=\"\" width=\"300\" height=\"62\" srcset=\"https:\/\/edafoeduca.es\/wp-content\/uploads\/2018\/01\/LogoCatedraBayerUPV-300x62.jpg 300w, https:\/\/edafoeduca.es\/wp-content\/uploads\/2018\/01\/LogoCatedraBayerUPV.jpg 525w\" sizes=\"(max-width: 300px) 100vw, 300px\" \/><\/a><\/div>\n<div class=\"gca-column one-third\"><img decoding=\"async\" loading=\"lazy\" class=\"aligncenter size-full wp-image-170\" src=\"http:\/\/edafoeduca.es\/wp-content\/uploads\/2018\/02\/Fem-de-Cuc-1.png\" alt=\"\" width=\"192\" height=\"58\" \/><\/div>\n<div class=\"gca-column one-third\"><a href=\"http:\/\/www.upv.es\/entidades\/ETSIAMN\/\"><img decoding=\"async\" loading=\"lazy\" class=\"aligncenter size-medium wp-image-144\" src=\"http:\/\/edafoeduca.es\/wp-content\/uploads\/2018\/02\/ETSIAMN-300x60.png\" alt=\"\" width=\"300\" height=\"60\" srcset=\"https:\/\/edafoeduca.es\/wp-content\/uploads\/2018\/02\/ETSIAMN-300x60.png 300w, https:\/\/edafoeduca.es\/wp-content\/uploads\/2018\/02\/ETSIAMN.png 348w\" sizes=\"(max-width: 300px) 100vw, 300px\" \/><\/a><\/div>\n","protected":false},"excerpt":{"rendered":"<p>La Sociedad Espa\u00f1ola de la Ciencia del Suelo junto con la ETSIAMN (UPV) ha organizado un\u00a0CICLO DE SEMINARIOS Y ACTIVIDADES SOBRE SUELO Y CLIMA, con la finalidad de potenciar los conocimientos del alumnado universitario sobre suelo y clima. El Ciclo &hellip; <a href=\"https:\/\/edafoeduca.es\/index.php\/actividades\/\">Sigue leyendo <span class=\"meta-nav\">&rarr;<\/span><\/a><\/p>\n","protected":false},"author":1,"featured_media":0,"parent":0,"menu_order":4,"comment_status":"closed","ping_status":"closed","template":"","meta":{"footnotes":""},"yoast_head":"<!-- This site is optimized with the Yoast SEO plugin v20.4 - https:\/\/yoast.com\/wordpress\/plugins\/seo\/ -->\n<title>Ciclo Seminarios suelo - clima - Ense\u00f1anza en la Ciencia del Suelo<\/title>\n<meta name=\"robots\" content=\"index, follow, max-snippet:-1, max-image-preview:large, max-video-preview:-1\" \/>\n<link rel=\"canonical\" href=\"https:\/\/edafoeduca.es\/index.php\/actividades\/\" \/>\n<meta property=\"og:locale\" content=\"es_ES\" \/>\n<meta property=\"og:type\" content=\"article\" \/>\n<meta property=\"og:title\" content=\"Ciclo Seminarios suelo - clima - Ense\u00f1anza en la Ciencia del Suelo\" \/>\n<meta property=\"og:description\" content=\"La Sociedad Espa\u00f1ola de la Ciencia del Suelo junto con la ETSIAMN (UPV) ha organizado un\u00a0CICLO DE SEMINARIOS Y ACTIVIDADES SOBRE SUELO Y CLIMA, con la finalidad de potenciar los conocimientos del alumnado universitario sobre suelo y clima. El Ciclo &hellip; Sigue leyendo &rarr;\" \/>\n<meta property=\"og:url\" content=\"https:\/\/edafoeduca.es\/index.php\/actividades\/\" \/>\n<meta property=\"og:site_name\" content=\"Ense\u00f1anza en la Ciencia del Suelo\" \/>\n<meta property=\"article:modified_time\" content=\"2019-09-04T10:21:34+00:00\" \/>\n<meta property=\"og:image\" content=\"http:\/\/edafoeduca.es\/wp-content\/uploads\/2019\/09\/Cartel-Conferencia-Jose-Miguel-de-Paz-Marzo-2018.png\" \/>\n<meta name=\"twitter:card\" content=\"summary_large_image\" \/>\n<meta name=\"twitter:label1\" content=\"Tiempo de lectura\" \/>\n\t<meta name=\"twitter:data1\" content=\"5 minutos\" \/>\n<script type=\"application\/ld+json\" class=\"yoast-schema-graph\">{\"@context\":\"https:\/\/schema.org\",\"@graph\":[{\"@type\":\"WebPage\",\"@id\":\"https:\/\/edafoeduca.es\/index.php\/actividades\/\",\"url\":\"https:\/\/edafoeduca.es\/index.php\/actividades\/\",\"name\":\"Ciclo Seminarios suelo - clima - Ense\u00f1anza en la Ciencia del Suelo\",\"isPartOf\":{\"@id\":\"https:\/\/edafoeduca.es\/#website\"},\"datePublished\":\"2018-01-14T11:03:17+00:00\",\"dateModified\":\"2019-09-04T10:21:34+00:00\",\"breadcrumb\":{\"@id\":\"https:\/\/edafoeduca.es\/index.php\/actividades\/#breadcrumb\"},\"inLanguage\":\"es\",\"potentialAction\":[{\"@type\":\"ReadAction\",\"target\":[\"https:\/\/edafoeduca.es\/index.php\/actividades\/\"]}]},{\"@type\":\"BreadcrumbList\",\"@id\":\"https:\/\/edafoeduca.es\/index.php\/actividades\/#breadcrumb\",\"itemListElement\":[{\"@type\":\"ListItem\",\"position\":1,\"name\":\"Portada\",\"item\":\"https:\/\/edafoeduca.es\/\"},{\"@type\":\"ListItem\",\"position\":2,\"name\":\"Ciclo Seminarios suelo &#8211; clima\"}]},{\"@type\":\"WebSite\",\"@id\":\"https:\/\/edafoeduca.es\/#website\",\"url\":\"https:\/\/edafoeduca.es\/\",\"name\":\"Ense\u00f1anza en la Ciencia del Suelo\",\"description\":\"Edafoeduca_SECS\",\"potentialAction\":[{\"@type\":\"SearchAction\",\"target\":{\"@type\":\"EntryPoint\",\"urlTemplate\":\"https:\/\/edafoeduca.es\/?s={search_term_string}\"},\"query-input\":\"required name=search_term_string\"}],\"inLanguage\":\"es\"}]}<\/script>\n<!-- \/ Yoast SEO plugin. -->","yoast_head_json":{"title":"Ciclo Seminarios suelo - clima - Ense\u00f1anza en la Ciencia del Suelo","robots":{"index":"index","follow":"follow","max-snippet":"max-snippet:-1","max-image-preview":"max-image-preview:large","max-video-preview":"max-video-preview:-1"},"canonical":"https:\/\/edafoeduca.es\/index.php\/actividades\/","og_locale":"es_ES","og_type":"article","og_title":"Ciclo Seminarios suelo - clima - Ense\u00f1anza en la Ciencia del Suelo","og_description":"La Sociedad Espa\u00f1ola de la Ciencia del Suelo junto con la ETSIAMN (UPV) ha organizado un\u00a0CICLO DE SEMINARIOS Y ACTIVIDADES SOBRE SUELO Y CLIMA, con la finalidad de potenciar los conocimientos del alumnado universitario sobre suelo y clima. El Ciclo &hellip; Sigue leyendo &rarr;","og_url":"https:\/\/edafoeduca.es\/index.php\/actividades\/","og_site_name":"Ense\u00f1anza en la Ciencia del Suelo","article_modified_time":"2019-09-04T10:21:34+00:00","og_image":[{"url":"http:\/\/edafoeduca.es\/wp-content\/uploads\/2019\/09\/Cartel-Conferencia-Jose-Miguel-de-Paz-Marzo-2018.png"}],"twitter_card":"summary_large_image","twitter_misc":{"Tiempo de lectura":"5 minutos"},"schema":{"@context":"https:\/\/schema.org","@graph":[{"@type":"WebPage","@id":"https:\/\/edafoeduca.es\/index.php\/actividades\/","url":"https:\/\/edafoeduca.es\/index.php\/actividades\/","name":"Ciclo Seminarios suelo - clima - Ense\u00f1anza en la Ciencia del Suelo","isPartOf":{"@id":"https:\/\/edafoeduca.es\/#website"},"datePublished":"2018-01-14T11:03:17+00:00","dateModified":"2019-09-04T10:21:34+00:00","breadcrumb":{"@id":"https:\/\/edafoeduca.es\/index.php\/actividades\/#breadcrumb"},"inLanguage":"es","potentialAction":[{"@type":"ReadAction","target":["https:\/\/edafoeduca.es\/index.php\/actividades\/"]}]},{"@type":"BreadcrumbList","@id":"https:\/\/edafoeduca.es\/index.php\/actividades\/#breadcrumb","itemListElement":[{"@type":"ListItem","position":1,"name":"Portada","item":"https:\/\/edafoeduca.es\/"},{"@type":"ListItem","position":2,"name":"Ciclo Seminarios suelo &#8211; clima"}]},{"@type":"WebSite","@id":"https:\/\/edafoeduca.es\/#website","url":"https:\/\/edafoeduca.es\/","name":"Ense\u00f1anza en la Ciencia del Suelo","description":"Edafoeduca_SECS","potentialAction":[{"@type":"SearchAction","target":{"@type":"EntryPoint","urlTemplate":"https:\/\/edafoeduca.es\/?s={search_term_string}"},"query-input":"required name=search_term_string"}],"inLanguage":"es"}]}},"_links":{"self":[{"href":"https:\/\/edafoeduca.es\/index.php\/wp-json\/wp\/v2\/pages\/60"}],"collection":[{"href":"https:\/\/edafoeduca.es\/index.php\/wp-json\/wp\/v2\/pages"}],"about":[{"href":"https:\/\/edafoeduca.es\/index.php\/wp-json\/wp\/v2\/types\/page"}],"author":[{"embeddable":true,"href":"https:\/\/edafoeduca.es\/index.php\/wp-json\/wp\/v2\/users\/1"}],"replies":[{"embeddable":true,"href":"https:\/\/edafoeduca.es\/index.php\/wp-json\/wp\/v2\/comments?post=60"}],"version-history":[{"count":34,"href":"https:\/\/edafoeduca.es\/index.php\/wp-json\/wp\/v2\/pages\/60\/revisions"}],"predecessor-version":[{"id":649,"href":"https:\/\/edafoeduca.es\/index.php\/wp-json\/wp\/v2\/pages\/60\/revisions\/649"}],"wp:attachment":[{"href":"https:\/\/edafoeduca.es\/index.php\/wp-json\/wp\/v2\/media?parent=60"}],"curies":[{"name":"wp","href":"https:\/\/api.w.org\/{rel}","templated":true}]}}