{"id":679,"date":"2019-11-12T23:39:47","date_gmt":"2019-11-12T22:39:47","guid":{"rendered":"http:\/\/edafoeduca.es\/?page_id=679"},"modified":"2020-02-20T17:08:29","modified_gmt":"2020-02-20T16:08:29","slug":"salida-campo-estudiar-la-erosion-del-suelo-dones","status":"publish","type":"page","link":"https:\/\/edafoeduca.es\/index.php\/salida-campo-estudiar-la-erosion-del-suelo-dones\/","title":{"rendered":"Salida de campo para estudiar la erosi\u00f3n del suelo con drones (Octubre 2019)"},"content":{"rendered":"<p>28\/10\/2019<\/p>\n<p style=\"text-align: justify;\">La Secci\u00f3n de Ense\u00f1anza del Suelo y Seguridad P\u00fablica organiz\u00f3 una jornada para principiantes en el uso de drones con fines cient\u00edficos y did\u00e1cticos. En dicha jornada&nbsp;participaron miembros de la SECS. La salida de campo se hizo al Barranc del Borrell, zona que sufri\u00f3 un incendio en agosto de 2018 y en la que se observan zonas con erosi\u00f3n debido a las precipitaciones y a la desnudez el terreno. Para evitar la p\u00e9rdida de suelo se han puesto fajines y cordones horizontales. En breve ampliaremos la noticia.<\/p>\n","protected":false},"excerpt":{"rendered":"<p>28\/10\/2019 La Secci\u00f3n de Ense\u00f1anza del Suelo y Seguridad P\u00fablica organiz\u00f3 una jornada para principiantes en el uso de drones con fines cient\u00edficos y did\u00e1cticos. En dicha jornada&nbsp;participaron miembros de la SECS. La salida de campo se hizo al Barranc &hellip; <a href=\"https:\/\/edafoeduca.es\/index.php\/salida-campo-estudiar-la-erosion-del-suelo-dones\/\">Sigue leyendo <span class=\"meta-nav\">&rarr;<\/span><\/a><\/p>\n","protected":false},"author":1,"featured_media":0,"parent":0,"menu_order":0,"comment_status":"closed","ping_status":"closed","template":"","meta":{"footnotes":""},"yoast_head":"<!-- This site is optimized with the Yoast SEO plugin v20.4 - https:\/\/yoast.com\/wordpress\/plugins\/seo\/ -->\n<title>Salida de campo para estudiar la erosi\u00f3n del suelo con drones (Octubre 2019) - Ense\u00f1anza en la Ciencia del Suelo<\/title>\n<meta name=\"robots\" content=\"index, follow, max-snippet:-1, max-image-preview:large, max-video-preview:-1\" \/>\n<link rel=\"canonical\" href=\"https:\/\/edafoeduca.es\/index.php\/salida-campo-estudiar-la-erosion-del-suelo-dones\/\" \/>\n<meta property=\"og:locale\" content=\"es_ES\" \/>\n<meta property=\"og:type\" content=\"article\" \/>\n<meta property=\"og:title\" content=\"Salida de campo para estudiar la erosi\u00f3n del suelo con drones (Octubre 2019) - Ense\u00f1anza en la Ciencia del Suelo\" \/>\n<meta property=\"og:description\" content=\"28\/10\/2019 La Secci\u00f3n de Ense\u00f1anza del Suelo y Seguridad P\u00fablica organiz\u00f3 una jornada para principiantes en el uso de drones con fines cient\u00edficos y did\u00e1cticos. En dicha jornada&nbsp;participaron miembros de la SECS. La salida de campo se hizo al Barranc &hellip; Sigue leyendo &rarr;\" \/>\n<meta property=\"og:url\" content=\"https:\/\/edafoeduca.es\/index.php\/salida-campo-estudiar-la-erosion-del-suelo-dones\/\" \/>\n<meta property=\"og:site_name\" content=\"Ense\u00f1anza en la Ciencia del Suelo\" \/>\n<meta property=\"article:modified_time\" content=\"2020-02-20T16:08:29+00:00\" \/>\n<meta name=\"twitter:card\" content=\"summary_large_image\" \/>\n<script type=\"application\/ld+json\" class=\"yoast-schema-graph\">{\"@context\":\"https:\/\/schema.org\",\"@graph\":[{\"@type\":\"WebPage\",\"@id\":\"https:\/\/edafoeduca.es\/index.php\/salida-campo-estudiar-la-erosion-del-suelo-dones\/\",\"url\":\"https:\/\/edafoeduca.es\/index.php\/salida-campo-estudiar-la-erosion-del-suelo-dones\/\",\"name\":\"Salida de campo para estudiar la erosi\u00f3n del suelo con drones (Octubre 2019) - Ense\u00f1anza en la Ciencia del Suelo\",\"isPartOf\":{\"@id\":\"https:\/\/edafoeduca.es\/#website\"},\"datePublished\":\"2019-11-12T22:39:47+00:00\",\"dateModified\":\"2020-02-20T16:08:29+00:00\",\"breadcrumb\":{\"@id\":\"https:\/\/edafoeduca.es\/index.php\/salida-campo-estudiar-la-erosion-del-suelo-dones\/#breadcrumb\"},\"inLanguage\":\"es\",\"potentialAction\":[{\"@type\":\"ReadAction\",\"target\":[\"https:\/\/edafoeduca.es\/index.php\/salida-campo-estudiar-la-erosion-del-suelo-dones\/\"]}]},{\"@type\":\"BreadcrumbList\",\"@id\":\"https:\/\/edafoeduca.es\/index.php\/salida-campo-estudiar-la-erosion-del-suelo-dones\/#breadcrumb\",\"itemListElement\":[{\"@type\":\"ListItem\",\"position\":1,\"name\":\"Portada\",\"item\":\"https:\/\/edafoeduca.es\/\"},{\"@type\":\"ListItem\",\"position\":2,\"name\":\"Salida de campo para estudiar la erosi\u00f3n del suelo con drones (Octubre 2019)\"}]},{\"@type\":\"WebSite\",\"@id\":\"https:\/\/edafoeduca.es\/#website\",\"url\":\"https:\/\/edafoeduca.es\/\",\"name\":\"Ense\u00f1anza en la Ciencia del Suelo\",\"description\":\"Edafoeduca_SECS\",\"potentialAction\":[{\"@type\":\"SearchAction\",\"target\":{\"@type\":\"EntryPoint\",\"urlTemplate\":\"https:\/\/edafoeduca.es\/?s={search_term_string}\"},\"query-input\":\"required name=search_term_string\"}],\"inLanguage\":\"es\"}]}<\/script>\n<!-- \/ Yoast SEO plugin. -->","yoast_head_json":{"title":"Salida de campo para estudiar la erosi\u00f3n del suelo con drones (Octubre 2019) - Ense\u00f1anza en la Ciencia del Suelo","robots":{"index":"index","follow":"follow","max-snippet":"max-snippet:-1","max-image-preview":"max-image-preview:large","max-video-preview":"max-video-preview:-1"},"canonical":"https:\/\/edafoeduca.es\/index.php\/salida-campo-estudiar-la-erosion-del-suelo-dones\/","og_locale":"es_ES","og_type":"article","og_title":"Salida de campo para estudiar la erosi\u00f3n del suelo con drones (Octubre 2019) - Ense\u00f1anza en la Ciencia del Suelo","og_description":"28\/10\/2019 La Secci\u00f3n de Ense\u00f1anza del Suelo y Seguridad P\u00fablica organiz\u00f3 una jornada para principiantes en el uso de drones con fines cient\u00edficos y did\u00e1cticos. En dicha jornada&nbsp;participaron miembros de la SECS. La salida de campo se hizo al Barranc &hellip; Sigue leyendo &rarr;","og_url":"https:\/\/edafoeduca.es\/index.php\/salida-campo-estudiar-la-erosion-del-suelo-dones\/","og_site_name":"Ense\u00f1anza en la Ciencia del Suelo","article_modified_time":"2020-02-20T16:08:29+00:00","twitter_card":"summary_large_image","schema":{"@context":"https:\/\/schema.org","@graph":[{"@type":"WebPage","@id":"https:\/\/edafoeduca.es\/index.php\/salida-campo-estudiar-la-erosion-del-suelo-dones\/","url":"https:\/\/edafoeduca.es\/index.php\/salida-campo-estudiar-la-erosion-del-suelo-dones\/","name":"Salida de campo para estudiar la erosi\u00f3n del suelo con drones (Octubre 2019) - Ense\u00f1anza en la Ciencia del Suelo","isPartOf":{"@id":"https:\/\/edafoeduca.es\/#website"},"datePublished":"2019-11-12T22:39:47+00:00","dateModified":"2020-02-20T16:08:29+00:00","breadcrumb":{"@id":"https:\/\/edafoeduca.es\/index.php\/salida-campo-estudiar-la-erosion-del-suelo-dones\/#breadcrumb"},"inLanguage":"es","potentialAction":[{"@type":"ReadAction","target":["https:\/\/edafoeduca.es\/index.php\/salida-campo-estudiar-la-erosion-del-suelo-dones\/"]}]},{"@type":"BreadcrumbList","@id":"https:\/\/edafoeduca.es\/index.php\/salida-campo-estudiar-la-erosion-del-suelo-dones\/#breadcrumb","itemListElement":[{"@type":"ListItem","position":1,"name":"Portada","item":"https:\/\/edafoeduca.es\/"},{"@type":"ListItem","position":2,"name":"Salida de campo para estudiar la erosi\u00f3n del suelo con drones (Octubre 2019)"}]},{"@type":"WebSite","@id":"https:\/\/edafoeduca.es\/#website","url":"https:\/\/edafoeduca.es\/","name":"Ense\u00f1anza en la Ciencia del Suelo","description":"Edafoeduca_SECS","potentialAction":[{"@type":"SearchAction","target":{"@type":"EntryPoint","urlTemplate":"https:\/\/edafoeduca.es\/?s={search_term_string}"},"query-input":"required name=search_term_string"}],"inLanguage":"es"}]}},"_links":{"self":[{"href":"https:\/\/edafoeduca.es\/index.php\/wp-json\/wp\/v2\/pages\/679"}],"collection":[{"href":"https:\/\/edafoeduca.es\/index.php\/wp-json\/wp\/v2\/pages"}],"about":[{"href":"https:\/\/edafoeduca.es\/index.php\/wp-json\/wp\/v2\/types\/page"}],"author":[{"embeddable":true,"href":"https:\/\/edafoeduca.es\/index.php\/wp-json\/wp\/v2\/users\/1"}],"replies":[{"embeddable":true,"href":"https:\/\/edafoeduca.es\/index.php\/wp-json\/wp\/v2\/comments?post=679"}],"version-history":[{"count":5,"href":"https:\/\/edafoeduca.es\/index.php\/wp-json\/wp\/v2\/pages\/679\/revisions"}],"predecessor-version":[{"id":1134,"href":"https:\/\/edafoeduca.es\/index.php\/wp-json\/wp\/v2\/pages\/679\/revisions\/1134"}],"wp:attachment":[{"href":"https:\/\/edafoeduca.es\/index.php\/wp-json\/wp\/v2\/media?parent=679"}],"curies":[{"name":"wp","href":"https:\/\/api.w.org\/{rel}","templated":true}]}}