{"id":684,"date":"2019-11-12T23:54:42","date_gmt":"2019-11-12T22:54:42","guid":{"rendered":"http:\/\/edafoeduca.es\/?page_id=684"},"modified":"2020-02-20T17:16:09","modified_gmt":"2020-02-20T16:16:09","slug":"breakout-educativo-la-ensenanza-la-edafologia","status":"publish","type":"page","link":"https:\/\/edafoeduca.es\/index.php\/breakout-educativo-la-ensenanza-la-edafologia\/","title":{"rendered":"\u00abBreakout\u00bb educativo para la ense\u00f1anza de la Edafolog\u00eda"},"content":{"rendered":"<p>28\/10\/2019<\/p>\n<p style=\"text-align: justify;\">La Secci\u00f3n de Ense\u00f1anza del Suelo y Seguridad P\u00fablica junto al profesor Vicente Pons de la Universidad de Valencia ha preparado un \u00abbreakout\u00bb educativo para alumnos universitarios. El primer breakout ha sido probado con alumnos del Grado en Ciencias Ambientales de la Escuela Polit\u00e9cnica Superior de Gand\u00eda en el marco de los estudios de Edafolog\u00eda que se imparten en la asignatura Medio abi\u00f3tico.<\/p>\n<p>13\/11\/2019<\/p>\n<p>Las profesoras Amparo Soriano y Cristina Lull de la Universitat Polit\u00e8cnica de Val\u00e8ncia y miembros de la SECS visitaron la Universidad de Salerno (Italia).<\/p>\n<div class=\"gca-column one-half first\"><img decoding=\"async\" loading=\"lazy\" class=\"aligncenter size-large wp-image-1065\" src=\"http:\/\/edafoeduca.es\/wp-content\/uploads\/2019\/12\/20191113_131148-1024x768.jpg\" alt=\"\" width=\"640\" height=\"480\" srcset=\"https:\/\/edafoeduca.es\/wp-content\/uploads\/2019\/12\/20191113_131148-1024x768.jpg 1024w, https:\/\/edafoeduca.es\/wp-content\/uploads\/2019\/12\/20191113_131148-300x225.jpg 300w, https:\/\/edafoeduca.es\/wp-content\/uploads\/2019\/12\/20191113_131148-768x576.jpg 768w, https:\/\/edafoeduca.es\/wp-content\/uploads\/2019\/12\/20191113_131148-1536x1152.jpg 1536w, https:\/\/edafoeduca.es\/wp-content\/uploads\/2019\/12\/20191113_131148-2048x1536.jpg 2048w\" sizes=\"(max-width: 640px) 100vw, 640px\" \/><\/div>\n<div class=\"gca-column one-half\"><img decoding=\"async\" loading=\"lazy\" class=\"aligncenter size-large wp-image-1064\" src=\"http:\/\/edafoeduca.es\/wp-content\/uploads\/2019\/12\/20191113_131235-1024x768.jpg\" alt=\"\" width=\"640\" height=\"480\" srcset=\"https:\/\/edafoeduca.es\/wp-content\/uploads\/2019\/12\/20191113_131235-1024x768.jpg 1024w, https:\/\/edafoeduca.es\/wp-content\/uploads\/2019\/12\/20191113_131235-300x225.jpg 300w, https:\/\/edafoeduca.es\/wp-content\/uploads\/2019\/12\/20191113_131235-768x576.jpg 768w, https:\/\/edafoeduca.es\/wp-content\/uploads\/2019\/12\/20191113_131235-1536x1152.jpg 1536w, https:\/\/edafoeduca.es\/wp-content\/uploads\/2019\/12\/20191113_131235-2048x1536.jpg 2048w\" sizes=\"(max-width: 640px) 100vw, 640px\" \/><\/div>\n<div class=\"gca-column one-half first\"><img decoding=\"async\" loading=\"lazy\" class=\"aligncenter size-large wp-image-1067\" src=\"http:\/\/edafoeduca.es\/wp-content\/uploads\/2019\/12\/20191113_131137-1024x768.jpg\" alt=\"\" width=\"640\" height=\"480\" srcset=\"https:\/\/edafoeduca.es\/wp-content\/uploads\/2019\/12\/20191113_131137-1024x768.jpg 1024w, https:\/\/edafoeduca.es\/wp-content\/uploads\/2019\/12\/20191113_131137-300x225.jpg 300w, https:\/\/edafoeduca.es\/wp-content\/uploads\/2019\/12\/20191113_131137-768x576.jpg 768w, https:\/\/edafoeduca.es\/wp-content\/uploads\/2019\/12\/20191113_131137-1536x1152.jpg 1536w, https:\/\/edafoeduca.es\/wp-content\/uploads\/2019\/12\/20191113_131137-2048x1536.jpg 2048w\" sizes=\"(max-width: 640px) 100vw, 640px\" \/><\/div>\n<div class=\"gca-column one-half\"><img decoding=\"async\" loading=\"lazy\" class=\"aligncenter size-large wp-image-1066\" src=\"http:\/\/edafoeduca.es\/wp-content\/uploads\/2019\/12\/20191113_131155-1024x768.jpg\" alt=\"\" width=\"640\" height=\"480\" srcset=\"https:\/\/edafoeduca.es\/wp-content\/uploads\/2019\/12\/20191113_131155-1024x768.jpg 1024w, https:\/\/edafoeduca.es\/wp-content\/uploads\/2019\/12\/20191113_131155-300x225.jpg 300w, https:\/\/edafoeduca.es\/wp-content\/uploads\/2019\/12\/20191113_131155-768x576.jpg 768w, https:\/\/edafoeduca.es\/wp-content\/uploads\/2019\/12\/20191113_131155-1536x1152.jpg 1536w, https:\/\/edafoeduca.es\/wp-content\/uploads\/2019\/12\/20191113_131155-2048x1536.jpg 2048w\" sizes=\"(max-width: 640px) 100vw, 640px\" \/><\/div>\n<p><a href=\"http:\/\/edafoeduca.es\/wp-content\/uploads\/2019\/11\/Breakout-Edaphology-English.xlsx\">Breakout Edaphology English<\/a><\/p>\n","protected":false},"excerpt":{"rendered":"<p>28\/10\/2019 La Secci\u00f3n de Ense\u00f1anza del Suelo y Seguridad P\u00fablica junto al profesor Vicente Pons de la Universidad de Valencia ha preparado un \u00abbreakout\u00bb educativo para alumnos universitarios. El primer breakout ha sido probado con alumnos del Grado en Ciencias &hellip; <a href=\"https:\/\/edafoeduca.es\/index.php\/breakout-educativo-la-ensenanza-la-edafologia\/\">Sigue leyendo <span class=\"meta-nav\">&rarr;<\/span><\/a><\/p>\n","protected":false},"author":1,"featured_media":0,"parent":0,"menu_order":0,"comment_status":"closed","ping_status":"closed","template":"","meta":{"footnotes":""},"yoast_head":"<!-- This site is optimized with the Yoast SEO plugin v20.4 - https:\/\/yoast.com\/wordpress\/plugins\/seo\/ -->\n<title>&quot;Breakout&quot; educativo para la ense\u00f1anza de la Edafolog\u00eda - Ense\u00f1anza en la Ciencia del Suelo<\/title>\n<meta name=\"robots\" content=\"index, follow, max-snippet:-1, max-image-preview:large, max-video-preview:-1\" \/>\n<link rel=\"canonical\" href=\"https:\/\/edafoeduca.es\/index.php\/breakout-educativo-la-ensenanza-la-edafologia\/\" \/>\n<meta property=\"og:locale\" content=\"es_ES\" \/>\n<meta property=\"og:type\" content=\"article\" \/>\n<meta property=\"og:title\" content=\"&quot;Breakout&quot; educativo para la ense\u00f1anza de la Edafolog\u00eda - Ense\u00f1anza en la Ciencia del Suelo\" \/>\n<meta property=\"og:description\" content=\"28\/10\/2019 La Secci\u00f3n de Ense\u00f1anza del Suelo y Seguridad P\u00fablica junto al profesor Vicente Pons de la Universidad de Valencia ha preparado un \u00abbreakout\u00bb educativo para alumnos universitarios. El primer breakout ha sido probado con alumnos del Grado en Ciencias &hellip; Sigue leyendo &rarr;\" \/>\n<meta property=\"og:url\" content=\"https:\/\/edafoeduca.es\/index.php\/breakout-educativo-la-ensenanza-la-edafologia\/\" \/>\n<meta property=\"og:site_name\" content=\"Ense\u00f1anza en la Ciencia del Suelo\" \/>\n<meta property=\"article:modified_time\" content=\"2020-02-20T16:16:09+00:00\" \/>\n<meta property=\"og:image\" content=\"http:\/\/edafoeduca.es\/wp-content\/uploads\/2019\/12\/20191113_131148-1024x768.jpg\" \/>\n<meta name=\"twitter:card\" content=\"summary_large_image\" \/>\n<meta name=\"twitter:label1\" content=\"Tiempo de lectura\" \/>\n\t<meta name=\"twitter:data1\" content=\"1 minuto\" \/>\n<script type=\"application\/ld+json\" class=\"yoast-schema-graph\">{\"@context\":\"https:\/\/schema.org\",\"@graph\":[{\"@type\":\"WebPage\",\"@id\":\"https:\/\/edafoeduca.es\/index.php\/breakout-educativo-la-ensenanza-la-edafologia\/\",\"url\":\"https:\/\/edafoeduca.es\/index.php\/breakout-educativo-la-ensenanza-la-edafologia\/\",\"name\":\"\\\"Breakout\\\" educativo para la ense\u00f1anza de la Edafolog\u00eda - Ense\u00f1anza en la Ciencia del Suelo\",\"isPartOf\":{\"@id\":\"https:\/\/edafoeduca.es\/#website\"},\"datePublished\":\"2019-11-12T22:54:42+00:00\",\"dateModified\":\"2020-02-20T16:16:09+00:00\",\"breadcrumb\":{\"@id\":\"https:\/\/edafoeduca.es\/index.php\/breakout-educativo-la-ensenanza-la-edafologia\/#breadcrumb\"},\"inLanguage\":\"es\",\"potentialAction\":[{\"@type\":\"ReadAction\",\"target\":[\"https:\/\/edafoeduca.es\/index.php\/breakout-educativo-la-ensenanza-la-edafologia\/\"]}]},{\"@type\":\"BreadcrumbList\",\"@id\":\"https:\/\/edafoeduca.es\/index.php\/breakout-educativo-la-ensenanza-la-edafologia\/#breadcrumb\",\"itemListElement\":[{\"@type\":\"ListItem\",\"position\":1,\"name\":\"Portada\",\"item\":\"https:\/\/edafoeduca.es\/\"},{\"@type\":\"ListItem\",\"position\":2,\"name\":\"\u00abBreakout\u00bb educativo para la ense\u00f1anza de la Edafolog\u00eda\"}]},{\"@type\":\"WebSite\",\"@id\":\"https:\/\/edafoeduca.es\/#website\",\"url\":\"https:\/\/edafoeduca.es\/\",\"name\":\"Ense\u00f1anza en la Ciencia del Suelo\",\"description\":\"Edafoeduca_SECS\",\"potentialAction\":[{\"@type\":\"SearchAction\",\"target\":{\"@type\":\"EntryPoint\",\"urlTemplate\":\"https:\/\/edafoeduca.es\/?s={search_term_string}\"},\"query-input\":\"required name=search_term_string\"}],\"inLanguage\":\"es\"}]}<\/script>\n<!-- \/ Yoast SEO plugin. -->","yoast_head_json":{"title":"\"Breakout\" educativo para la ense\u00f1anza de la Edafolog\u00eda - Ense\u00f1anza en la Ciencia del Suelo","robots":{"index":"index","follow":"follow","max-snippet":"max-snippet:-1","max-image-preview":"max-image-preview:large","max-video-preview":"max-video-preview:-1"},"canonical":"https:\/\/edafoeduca.es\/index.php\/breakout-educativo-la-ensenanza-la-edafologia\/","og_locale":"es_ES","og_type":"article","og_title":"\"Breakout\" educativo para la ense\u00f1anza de la Edafolog\u00eda - Ense\u00f1anza en la Ciencia del Suelo","og_description":"28\/10\/2019 La Secci\u00f3n de Ense\u00f1anza del Suelo y Seguridad P\u00fablica junto al profesor Vicente Pons de la Universidad de Valencia ha preparado un \u00abbreakout\u00bb educativo para alumnos universitarios. El primer breakout ha sido probado con alumnos del Grado en Ciencias &hellip; Sigue leyendo &rarr;","og_url":"https:\/\/edafoeduca.es\/index.php\/breakout-educativo-la-ensenanza-la-edafologia\/","og_site_name":"Ense\u00f1anza en la Ciencia del Suelo","article_modified_time":"2020-02-20T16:16:09+00:00","og_image":[{"url":"http:\/\/edafoeduca.es\/wp-content\/uploads\/2019\/12\/20191113_131148-1024x768.jpg"}],"twitter_card":"summary_large_image","twitter_misc":{"Tiempo de lectura":"1 minuto"},"schema":{"@context":"https:\/\/schema.org","@graph":[{"@type":"WebPage","@id":"https:\/\/edafoeduca.es\/index.php\/breakout-educativo-la-ensenanza-la-edafologia\/","url":"https:\/\/edafoeduca.es\/index.php\/breakout-educativo-la-ensenanza-la-edafologia\/","name":"\"Breakout\" educativo para la ense\u00f1anza de la Edafolog\u00eda - Ense\u00f1anza en la Ciencia del Suelo","isPartOf":{"@id":"https:\/\/edafoeduca.es\/#website"},"datePublished":"2019-11-12T22:54:42+00:00","dateModified":"2020-02-20T16:16:09+00:00","breadcrumb":{"@id":"https:\/\/edafoeduca.es\/index.php\/breakout-educativo-la-ensenanza-la-edafologia\/#breadcrumb"},"inLanguage":"es","potentialAction":[{"@type":"ReadAction","target":["https:\/\/edafoeduca.es\/index.php\/breakout-educativo-la-ensenanza-la-edafologia\/"]}]},{"@type":"BreadcrumbList","@id":"https:\/\/edafoeduca.es\/index.php\/breakout-educativo-la-ensenanza-la-edafologia\/#breadcrumb","itemListElement":[{"@type":"ListItem","position":1,"name":"Portada","item":"https:\/\/edafoeduca.es\/"},{"@type":"ListItem","position":2,"name":"\u00abBreakout\u00bb educativo para la ense\u00f1anza de la Edafolog\u00eda"}]},{"@type":"WebSite","@id":"https:\/\/edafoeduca.es\/#website","url":"https:\/\/edafoeduca.es\/","name":"Ense\u00f1anza en la Ciencia del Suelo","description":"Edafoeduca_SECS","potentialAction":[{"@type":"SearchAction","target":{"@type":"EntryPoint","urlTemplate":"https:\/\/edafoeduca.es\/?s={search_term_string}"},"query-input":"required name=search_term_string"}],"inLanguage":"es"}]}},"_links":{"self":[{"href":"https:\/\/edafoeduca.es\/index.php\/wp-json\/wp\/v2\/pages\/684"}],"collection":[{"href":"https:\/\/edafoeduca.es\/index.php\/wp-json\/wp\/v2\/pages"}],"about":[{"href":"https:\/\/edafoeduca.es\/index.php\/wp-json\/wp\/v2\/types\/page"}],"author":[{"embeddable":true,"href":"https:\/\/edafoeduca.es\/index.php\/wp-json\/wp\/v2\/users\/1"}],"replies":[{"embeddable":true,"href":"https:\/\/edafoeduca.es\/index.php\/wp-json\/wp\/v2\/comments?post=684"}],"version-history":[{"count":6,"href":"https:\/\/edafoeduca.es\/index.php\/wp-json\/wp\/v2\/pages\/684\/revisions"}],"predecessor-version":[{"id":1136,"href":"https:\/\/edafoeduca.es\/index.php\/wp-json\/wp\/v2\/pages\/684\/revisions\/1136"}],"wp:attachment":[{"href":"https:\/\/edafoeduca.es\/index.php\/wp-json\/wp\/v2\/media?parent=684"}],"curies":[{"name":"wp","href":"https:\/\/api.w.org\/{rel}","templated":true}]}}