{"id":8,"date":"2018-01-11T15:48:18","date_gmt":"2018-01-11T14:48:18","guid":{"rendered":"http:\/\/edafoeduca.es\/?page_id=8"},"modified":"2025-12-16T19:32:41","modified_gmt":"2025-12-16T18:32:41","slug":"acerca-de","status":"publish","type":"page","link":"https:\/\/edafoeduca.es\/index.php\/acerca-de\/","title":{"rendered":"Recursos"},"content":{"rendered":"<p style=\"text-align: justify;\">Nos hemos propuesto facilitar la labor de los profesores y los alumnos, proporcionando material para ser utilizado tanto en las aulas como en casa. Esperamos que os gusten.<\/p>\n<div class=\"gca-column one-half first\"><a href=\"http:\/\/edafoeduca.es\/wp-content\/uploads\/2020\/11\/Vermicompostaje-Escolares-IUSS-SECS-UPV.pdf\"><img decoding=\"async\" loading=\"lazy\" class=\"aligncenter wp-image-1226 size-full\" src=\"http:\/\/edafoeduca.es\/wp-content\/uploads\/2020\/11\/Vermicompostaje-para-escolares_Lull.jpg\" alt=\"\" width=\"520\" height=\"735\" srcset=\"https:\/\/edafoeduca.es\/wp-content\/uploads\/2020\/11\/Vermicompostaje-para-escolares_Lull.jpg 520w, https:\/\/edafoeduca.es\/wp-content\/uploads\/2020\/11\/Vermicompostaje-para-escolares_Lull-212x300.jpg 212w\" sizes=\"(max-width: 520px) 100vw, 520px\" \/><\/a><\/div>\n<div class=\"gca-column one-half\"><a href=\"http:\/\/edafoeduca.es\/wp-content\/uploads\/2020\/11\/Vermicomposting-Kids-IUSS-SECS-UPV.pdf\"><img decoding=\"async\" loading=\"lazy\" class=\"aligncenter wp-image-1227 size-full\" src=\"http:\/\/edafoeduca.es\/wp-content\/uploads\/2020\/11\/Vermicomposting-for-kids_Lull.jpg\" alt=\"\" width=\"516\" height=\"735\" srcset=\"https:\/\/edafoeduca.es\/wp-content\/uploads\/2020\/11\/Vermicomposting-for-kids_Lull.jpg 516w, https:\/\/edafoeduca.es\/wp-content\/uploads\/2020\/11\/Vermicomposting-for-kids_Lull-211x300.jpg 211w\" sizes=\"(max-width: 516px) 100vw, 516px\" \/><\/a><\/div>\n<div class=\"gca-column one-half first\"><a href=\"http:\/\/edafoeduca.es\/wp-content\/uploads\/2020\/11\/Erosion-Escolares-IUSS-SECS-UPV_LA-IUSS-VA-A-LA-ESCUELA.pdf\"><img decoding=\"async\" loading=\"lazy\" class=\"aligncenter size-full wp-image-1233\" src=\"http:\/\/edafoeduca.es\/wp-content\/uploads\/2020\/11\/Erosion-para-escolares_Lull.jpg\" alt=\"\" width=\"515\" height=\"732\" srcset=\"https:\/\/edafoeduca.es\/wp-content\/uploads\/2020\/11\/Erosion-para-escolares_Lull.jpg 515w, https:\/\/edafoeduca.es\/wp-content\/uploads\/2020\/11\/Erosion-para-escolares_Lull-211x300.jpg 211w\" sizes=\"(max-width: 515px) 100vw, 515px\" \/><\/a><\/div>\n<div class=\"gca-column one-half\"><a href=\"http:\/\/edafoeduca.es\/wp-content\/uploads\/2020\/11\/Erosion-Kids-IUSS-SECS-UPV_IUSS-GOES-TO-THE-SCHOOL.pdf\"><img decoding=\"async\" loading=\"lazy\" class=\"aligncenter size-full wp-image-1236\" src=\"http:\/\/edafoeduca.es\/wp-content\/uploads\/2020\/11\/Erosion-for-kids_Lull.jpg\" alt=\"\" width=\"512\" height=\"731\" srcset=\"https:\/\/edafoeduca.es\/wp-content\/uploads\/2020\/11\/Erosion-for-kids_Lull.jpg 512w, https:\/\/edafoeduca.es\/wp-content\/uploads\/2020\/11\/Erosion-for-kids_Lull-210x300.jpg 210w\" sizes=\"(max-width: 512px) 100vw, 512px\" \/><\/a><\/div>\n<div class=\"gca-column one-third first\"><a href=\"https:\/\/www.fao.org\/3\/i4768s\/i4768s.pdf\"><img decoding=\"async\" loading=\"lazy\" class=\"aligncenter wp-image-1959 size-medium\" src=\"http:\/\/edafoeduca.es\/wp-content\/uploads\/2023\/08\/Escarba_Suelo_Principiantes-230x300.png\" alt=\"\" width=\"230\" height=\"300\" srcset=\"https:\/\/edafoeduca.es\/wp-content\/uploads\/2023\/08\/Escarba_Suelo_Principiantes-230x300.png 230w, https:\/\/edafoeduca.es\/wp-content\/uploads\/2023\/08\/Escarba_Suelo_Principiantes-785x1024.png 785w, https:\/\/edafoeduca.es\/wp-content\/uploads\/2023\/08\/Escarba_Suelo_Principiantes-768x1001.png 768w, https:\/\/edafoeduca.es\/wp-content\/uploads\/2023\/08\/Escarba_Suelo_Principiantes.png 909w\" sizes=\"(max-width: 230px) 100vw, 230px\" \/><\/a><\/div>\n<div class=\"gca-column one-third\"><a href=\"https:\/\/www.fao.org\/3\/i4769s\/i4769s.pdf\"><img decoding=\"async\" loading=\"lazy\" class=\"aligncenter size-medium wp-image-1962\" src=\"http:\/\/edafoeduca.es\/wp-content\/uploads\/2023\/08\/Escarba_Suelo_Intermedio-231x300.png\" alt=\"\" width=\"231\" height=\"300\" srcset=\"https:\/\/edafoeduca.es\/wp-content\/uploads\/2023\/08\/Escarba_Suelo_Intermedio-231x300.png 231w, https:\/\/edafoeduca.es\/wp-content\/uploads\/2023\/08\/Escarba_Suelo_Intermedio-788x1024.png 788w, https:\/\/edafoeduca.es\/wp-content\/uploads\/2023\/08\/Escarba_Suelo_Intermedio-768x998.png 768w, https:\/\/edafoeduca.es\/wp-content\/uploads\/2023\/08\/Escarba_Suelo_Intermedio.png 906w\" sizes=\"(max-width: 231px) 100vw, 231px\" \/><\/a><\/div>\n<div class=\"gca-column one-third\"><a href=\"https:\/\/www.fao.org\/3\/i4770s\/i4770s.pdf\"><img decoding=\"async\" loading=\"lazy\" class=\"aligncenter size-medium wp-image-1964\" src=\"http:\/\/edafoeduca.es\/wp-content\/uploads\/2023\/08\/Escarba_Suelo_Avanzado-230x300.png\" alt=\"\" width=\"230\" height=\"300\" srcset=\"https:\/\/edafoeduca.es\/wp-content\/uploads\/2023\/08\/Escarba_Suelo_Avanzado-230x300.png 230w, https:\/\/edafoeduca.es\/wp-content\/uploads\/2023\/08\/Escarba_Suelo_Avanzado-786x1024.png 786w, https:\/\/edafoeduca.es\/wp-content\/uploads\/2023\/08\/Escarba_Suelo_Avanzado-768x1000.png 768w, https:\/\/edafoeduca.es\/wp-content\/uploads\/2023\/08\/Escarba_Suelo_Avanzado.png 913w\" sizes=\"(max-width: 230px) 100vw, 230px\" \/><\/a><\/div>\n<div class=\"gca-column one-half first\"><a href=\"https:\/\/www.fao.org\/3\/i4766s\/i4766s.pdf\"><img decoding=\"async\" loading=\"lazy\" class=\"aligncenter size-medium wp-image-1969\" src=\"http:\/\/edafoeduca.es\/wp-content\/uploads\/2023\/08\/Escarba_Suelo_Actividades-y-mas-230x300.png\" alt=\"\" width=\"230\" height=\"300\" srcset=\"https:\/\/edafoeduca.es\/wp-content\/uploads\/2023\/08\/Escarba_Suelo_Actividades-y-mas-230x300.png 230w, https:\/\/edafoeduca.es\/wp-content\/uploads\/2023\/08\/Escarba_Suelo_Actividades-y-mas-786x1024.png 786w, https:\/\/edafoeduca.es\/wp-content\/uploads\/2023\/08\/Escarba_Suelo_Actividades-y-mas-768x1000.png 768w, https:\/\/edafoeduca.es\/wp-content\/uploads\/2023\/08\/Escarba_Suelo_Actividades-y-mas.png 913w\" sizes=\"(max-width: 230px) 100vw, 230px\" \/><\/a><\/div>\n<div class=\"gca-column one-half\"><a href=\"https:\/\/www.fao.org\/3\/i4771s\/i4771s.pdf\"><img decoding=\"async\" loading=\"lazy\" class=\"aligncenter size-medium wp-image-1970\" src=\"http:\/\/edafoeduca.es\/wp-content\/uploads\/2023\/08\/Escarba_Suelo_Guia-para-educadores-213x300.png\" alt=\"\" width=\"213\" height=\"300\" srcset=\"https:\/\/edafoeduca.es\/wp-content\/uploads\/2023\/08\/Escarba_Suelo_Guia-para-educadores-213x300.png 213w, https:\/\/edafoeduca.es\/wp-content\/uploads\/2023\/08\/Escarba_Suelo_Guia-para-educadores-727x1024.png 727w, https:\/\/edafoeduca.es\/wp-content\/uploads\/2023\/08\/Escarba_Suelo_Guia-para-educadores-768x1081.png 768w, https:\/\/edafoeduca.es\/wp-content\/uploads\/2023\/08\/Escarba_Suelo_Guia-para-educadores.png 951w\" sizes=\"(max-width: 213px) 100vw, 213px\" \/><\/a><\/div>\n<h2>Videos<\/h2>\n<p><a href=\"https:\/\/youtu.be\/IYdHo18R7eo\">Suelos<\/a>. Comisi\u00f3n Nacional Forestal. Gobierno de M\u00e9xico.<\/p>\n<p class=\"style-scope ytd-watch-metadata\"><a href=\"https:\/\/youtu.be\/Q-J2FErZHuA\">Soil Is Alive!<\/a> SciShow Kids.<\/p>\n<p class=\"style-scope ytd-watch-metadata\"><a href=\"https:\/\/youtu.be\/M-ZlrNg0BjI\">Mission: Keep soil alive!<\/a> Food and Agriculture Organization of the United Nations.<\/p>\n<p class=\"style-scope ytd-watch-metadata\"><a href=\"https:\/\/youtu.be\/5b9o7yM7YGE\">Where Does Soil Come From?<\/a> SciShow Kids.<\/p>\n<p><a href=\"https:\/\/www.youtube.com\/watch?v=gJOiEbdFURE&amp;t=11s\">PHC Pel\u00edcula: El suelo es un organismo viviente.\u00a0 GrowSolutions<\/a><\/p>\n<h2>Huertos escolares<\/h2>\n<p>El <a href=\"https:\/\/www.fao.org\/ag\/humannutrition\/21877-061e61334701c700e0f53684791ad06ed.pdf\">huerto escolar como recurso de ense\u00f1anza-aprendizaje<\/a> de las asignaturas del curr\u00edculo de educaci\u00f3n b\u00e1sica.<\/p>\n<p>Video: <a href=\"https:\/\/youtu.be\/1yuLV5WVH30\">Huertos Escolares &#8211; Preparaci\u00f3n del terreno y siembra<\/a>.<\/p>\n<p><a href=\"https:\/\/www.euskadi.eus\/contenidos\/documentacion\/inn_doc_ed_ambiental\/es_def\/adjuntos\/800001c_huerto_escolar_c.pdf\">Huerto escolar<\/a>. CEIDA.<\/p>\n<p><a href=\"https:\/\/www.fao.org\/3\/i5391f\/i5391f.pdf\">Cr\u00e9er et diriger un jardin scolaire<\/a><\/p>\n<h2>Rocas-Minerales-Suelo-Restauraci\u00f3n minas<\/h2>\n<p style=\"text-align: justify;\">La evoluci\u00f3n de la miner\u00eda responsable. Dentro del LIFE TECMINE se han elaborado unidades did\u00e1cticas para infantil, primaria y ESO para acercar a los ni\u00f1os al mundo de la miner\u00eda. La unidad did\u00e1ctica de primaria explica por ejemplo la importancia de las rocas y minerales para nuestra vida e incluye actividades como construye una geoda, taller con arcilla y taller de pintura rupestre, etc. En la unidad did\u00e1ctica de primaria y ESO, entre otros temas, se hace referencia al suelo en el contexto de una restauraci\u00f3n ecol\u00f3gica de una mina.<\/p>\n<h4 style=\"text-align: justify;\"><strong>Libro Blanco tratamiento del suelo en los libros de texto de ense\u00f1anza secundaria obligatoria y de bachillerato en Espa\u00f1a (SECS, 2016)<\/strong><\/h4>\n<p style=\"text-align: justify;\">La Sociedad Espa\u00f1ola de la Ciencia del Suelo pone el presente Libro Blanco a disposici\u00f3n de las autoridades con competencias en materia de educaci\u00f3n y con capacidad legisladora, as\u00ed como del profesorado, autores y editores. En \u00e9l se analiza exhaustivamente y con rigor el tratamiento del suelo en los libros de texto de ESO y de Bachillerato en Espa\u00f1a, se extraen conclusiones relevantes y se realizan importantes recomendaciones de mejora. La voluntad es realzar la importancia de educar desde una edad muy temprana acerca del suelo, sus funciones y servicios, para contar en el futuro con una ciudadan\u00eda consciente de ello.<\/p>\n<p><a href=\"http:\/\/www.secs.com.es\/wp-content\/uploads\/2017\/06\/Llibro-de-los-suelos-digital-2-Edici%C3%B3n.pdf\"><img decoding=\"async\" loading=\"lazy\" class=\"aligncenter wp-image-227 size-full\" src=\"http:\/\/edafoeduca.es\/wp-content\/uploads\/2018\/02\/Libro-Blanco-Suelo.jpg\" alt=\"\" width=\"566\" height=\"606\" srcset=\"https:\/\/edafoeduca.es\/wp-content\/uploads\/2018\/02\/Libro-Blanco-Suelo.jpg 566w, https:\/\/edafoeduca.es\/wp-content\/uploads\/2018\/02\/Libro-Blanco-Suelo-280x300.jpg 280w\" sizes=\"(max-width: 566px) 100vw, 566px\" \/><\/a><\/p>\n<p><strong>Aprender y actuar-Learning and action (YUNGA-FAO)<br \/>\n<\/strong><\/p>\n<p style=\"text-align: justify;\">El folleto \u00abInsignia de los Suelos\u00bb realiza un \u00abviaje\u00bb para descubrir el suelo. Es un folleto lleno de actividades\u00a0 que ayudan a comprender c\u00f3mo se forma el suelo, descubrir las criaturas que viven en \u00e9l y cu\u00e1n importante es en nuestras vidas diarias. En este folleto se descubre c\u00f3mo cada uno de nosotros puedes tener un rol en la protecci\u00f3n de los suelos.<\/p>\n<p>As\u00ed, la Insignia de los Suelos est\u00e1 dise\u00f1ada para ayudar a educar a los ni\u00f1os y a los j\u00f3venes sobre el papel crucial que los suelos juegan para la vida de nuestro planeta. Este folleto ayuda a desarrollar un programa educativo apropiado y divertido.<\/p>\n<p>Los certificados e insignias se solicitan en yunga@fao.org.<\/p>\n<div class=\"gca-column one-half first\"><a href=\"http:\/\/edafoeduca.es\/wp-content\/uploads\/2019\/01\/Soils-Challenge-Badge-FAO-Learning-Education.pdf\"><img decoding=\"async\" loading=\"lazy\" class=\"aligncenter size-full wp-image-572\" src=\"http:\/\/edafoeduca.es\/wp-content\/uploads\/2019\/01\/Insignia-Suelos-FAO-Soils-Challenge-Educacion.jpg\" alt=\"\" width=\"557\" height=\"790\" srcset=\"https:\/\/edafoeduca.es\/wp-content\/uploads\/2019\/01\/Insignia-Suelos-FAO-Soils-Challenge-Educacion.jpg 557w, https:\/\/edafoeduca.es\/wp-content\/uploads\/2019\/01\/Insignia-Suelos-FAO-Soils-Challenge-Educacion-212x300.jpg 212w\" sizes=\"(max-width: 557px) 100vw, 557px\" \/><\/a><\/div>\n<div class=\"gca-column one-half\"><a href=\"http:\/\/edafoeduca.es\/wp-content\/uploads\/2019\/01\/Soils-Challenge-Badge-FAO-Learning-Education.pdf\"><img decoding=\"async\" loading=\"lazy\" class=\"aligncenter size-full wp-image-573\" src=\"http:\/\/edafoeduca.es\/wp-content\/uploads\/2019\/01\/Soils-Challenge-Badge-FAO-Learning-Education.jpg\" alt=\"\" width=\"550\" height=\"791\" srcset=\"https:\/\/edafoeduca.es\/wp-content\/uploads\/2019\/01\/Soils-Challenge-Badge-FAO-Learning-Education.jpg 550w, https:\/\/edafoeduca.es\/wp-content\/uploads\/2019\/01\/Soils-Challenge-Badge-FAO-Learning-Education-209x300.jpg 209w\" sizes=\"(max-width: 550px) 100vw, 550px\" \/><\/a><\/div>\n<h4><\/h4>\n<h4><strong>C\u00f3mic<\/strong><\/h4>\n<p style=\"text-align: left;\"><div class=\"gca-column one-half first\"><a href=\"http:\/\/edafoeduca.es\/wp-content\/uploads\/2018\/12\/COMIC-vivir-en-el-suelo.pdf\"><img decoding=\"async\" loading=\"lazy\" class=\"aligncenter size-full wp-image-567\" src=\"http:\/\/edafoeduca.es\/wp-content\/uploads\/2019\/01\/Comic_Vivir-En-El-Suelo.jpg\" alt=\"\" width=\"493\" height=\"702\" srcset=\"https:\/\/edafoeduca.es\/wp-content\/uploads\/2019\/01\/Comic_Vivir-En-El-Suelo.jpg 493w, https:\/\/edafoeduca.es\/wp-content\/uploads\/2019\/01\/Comic_Vivir-En-El-Suelo-211x300.jpg 211w\" sizes=\"(max-width: 493px) 100vw, 493px\" \/><\/a><\/div>\n<div class=\"gca-column one-half\"><a href=\"http:\/\/edafoeduca.es\/wp-content\/uploads\/2019\/01\/Comic-living_in_the_soil.pdf\"><img decoding=\"async\" loading=\"lazy\" class=\"aligncenter size-full wp-image-566\" src=\"http:\/\/edafoeduca.es\/wp-content\/uploads\/2019\/01\/Comic_Living-in-the-soil.jpg\" alt=\"\" width=\"593\" height=\"843\" srcset=\"https:\/\/edafoeduca.es\/wp-content\/uploads\/2019\/01\/Comic_Living-in-the-soil.jpg 593w, https:\/\/edafoeduca.es\/wp-content\/uploads\/2019\/01\/Comic_Living-in-the-soil-211x300.jpg 211w\" sizes=\"(max-width: 593px) 100vw, 593px\" \/><\/a><\/div>\n<h4><strong>Unidades did\u00e1cticas<br \/>\n<\/strong><\/h4>\n<div class=\"gca-column one-third first\"><a href=\"http:\/\/edafoeduca.es\/wp-content\/uploads\/2019\/04\/Unidad-didactica-Vivir-en-el-suelo.pdf\"><img decoding=\"async\" loading=\"lazy\" class=\"aligncenter wp-image-107 size-full\" src=\"http:\/\/edafoeduca.es\/wp-content\/uploads\/2018\/01\/Unidad-Didactica_Vivir-en-el-suelo_5Primaria_2ESO-e1516984322506.bmp\" alt=\"\" width=\"490\" height=\"701\" \/><\/a><\/div>\n<div class=\"gca-column one-third\"><a href=\"http:\/\/edafoeduca.es\/wp-content\/uploads\/2019\/04\/Unidad-didactica-Primaria-EDAFOEDUCA-SUELO.pdf\"><img decoding=\"async\" loading=\"lazy\" class=\"aligncenter size-full wp-image-596\" src=\"http:\/\/edafoeduca.es\/wp-content\/uploads\/2019\/04\/Unidad-did\u00e1ctica-sobrevivir-suelo.png\" alt=\"\" width=\"623\" height=\"881\" srcset=\"https:\/\/edafoeduca.es\/wp-content\/uploads\/2019\/04\/Unidad-did\u00e1ctica-sobrevivir-suelo.png 623w, https:\/\/edafoeduca.es\/wp-content\/uploads\/2019\/04\/Unidad-did\u00e1ctica-sobrevivir-suelo-212x300.png 212w\" sizes=\"(max-width: 623px) 100vw, 623px\" \/><\/a><\/div>\n<div class=\"gca-column one-third\"><a href=\"http:\/\/edafoeduca.es\/wp-content\/uploads\/2019\/05\/UNIDAD-DIDCTICA-ESO_01032019-Sin-tapa.pdf\"><img decoding=\"async\" loading=\"lazy\" class=\"aligncenter wp-image-597 size-full\" src=\"http:\/\/edafoeduca.es\/wp-content\/uploads\/2019\/04\/Unidad-did\u00e1ctica-Protegiendo-suelos-contaminaci\u00f3n.png\" alt=\"\" width=\"626\" height=\"889\" srcset=\"https:\/\/edafoeduca.es\/wp-content\/uploads\/2019\/04\/Unidad-did\u00e1ctica-Protegiendo-suelos-contaminaci\u00f3n.png 626w, https:\/\/edafoeduca.es\/wp-content\/uploads\/2019\/04\/Unidad-did\u00e1ctica-Protegiendo-suelos-contaminaci\u00f3n-211x300.png 211w\" sizes=\"(max-width: 626px) 100vw, 626px\" \/><\/a><\/div>\n<h4><strong>Programa interactivo para el conocimiento de la Ciencia del Suelo (EDAFOS)<\/strong><\/h4>\n<div id=\"main\">\n<div id=\"cnt\" class=\"big\">\n<div class=\"mw\">\n<div id=\"rcnt\">\n<div class=\"col\">\n<div id=\"center_col\">\n<div id=\"res\" class=\"med\" role=\"main\">\n<div id=\"search\" data-jiis=\"uc\">\n<div data-ved=\"0ahUKEwjJlNvLgvbYAhXNERQKHf7iCdwQGggq\">\n<div id=\"ires\" data-async-context=\"query:edafoeduca.es\">\n<div id=\"rso\">\n<div class=\"_NId\">\n<div class=\"srg\">\n<div class=\"g\">\n<div data-hveid=\"64\" data-ved=\"0ahUKEwjJlNvLgvbYAhXNERQKHf7iCdwQFQhAKAQwBA\">\n<div class=\"rc\">\n<div class=\"s\">\n<div><span class=\"st\"><a href=\"http:\/\/www.cienciadelsuelo.es\/\"><img decoding=\"async\" loading=\"lazy\" class=\"wp-image-110 alignleft\" src=\"http:\/\/edafoeduca.es\/wp-content\/uploads\/2018\/01\/EDAFOS_Programa-Interactivo.bmp\" alt=\"\" width=\"369\" height=\"280\" srcset=\"https:\/\/edafoeduca.es\/wp-content\/uploads\/2018\/01\/EDAFOS_Programa-Interactivo.bmp 805w, https:\/\/edafoeduca.es\/wp-content\/uploads\/2018\/01\/EDAFOS_Programa-Interactivo-300x228.jpg 300w, https:\/\/edafoeduca.es\/wp-content\/uploads\/2018\/01\/EDAFOS_Programa-Interactivo-768x583.jpg 768w\" sizes=\"(max-width: 369px) 100vw, 369px\" \/><\/a><\/span><\/div>\n<\/div>\n<\/div>\n<\/div>\n<\/div>\n<\/div>\n<\/div>\n<\/div>\n<\/div>\n<\/div>\n<\/div>\n<\/div>\n<\/div>\n<\/div>\n<\/div>\n<\/div>\n<\/div>\n<\/div>\n<h2><\/h2>\n<h2><\/h2>\n<h2><\/h2>\n<h2><\/h2>\n<h2><\/h2>\n<h2><\/h2>\n<h4><strong>Material did\u00e1ctico preparado por Edafoeduca<\/strong><\/h4>\n<p><img decoding=\"async\" loading=\"lazy\" class=\"aligncenter wp-image-658 size-full\" src=\"http:\/\/edafoeduca.es\/wp-content\/uploads\/2019\/09\/Pol\u00edticas-protecci\u00f3n-suelos_CLN@.png\" alt=\"\" width=\"1987\" height=\"1111\" srcset=\"https:\/\/edafoeduca.es\/wp-content\/uploads\/2019\/09\/Pol\u00edticas-protecci\u00f3n-suelos_CLN@.png 1987w, https:\/\/edafoeduca.es\/wp-content\/uploads\/2019\/09\/Pol\u00edticas-protecci\u00f3n-suelos_CLN@-300x168.png 300w, https:\/\/edafoeduca.es\/wp-content\/uploads\/2019\/09\/Pol\u00edticas-protecci\u00f3n-suelos_CLN@-768x429.png 768w, https:\/\/edafoeduca.es\/wp-content\/uploads\/2019\/09\/Pol\u00edticas-protecci\u00f3n-suelos_CLN@-1024x573.png 1024w\" sizes=\"(max-width: 1987px) 100vw, 1987px\" \/><\/p>\n<h4><strong>Sitios web<br \/>\n<\/strong><\/h4>\n<p><a href=\"http:\/\/www.fao.org\/soils-portal\/es\/\">FAO recursos sobre el suelo<\/a><\/p>\n<p><a href=\"http:\/\/www.soil-net.com\/\">SOIL-NET<\/a><\/p>\n<p><a href=\"http:\/\/www.soil-net.com\/\"><img decoding=\"async\" loading=\"lazy\" class=\"aligncenter size-full wp-image-581\" src=\"http:\/\/edafoeduca.es\/wp-content\/uploads\/2019\/01\/Soil-Net.jpg\" alt=\"\" width=\"962\" height=\"693\" srcset=\"https:\/\/edafoeduca.es\/wp-content\/uploads\/2019\/01\/Soil-Net.jpg 962w, https:\/\/edafoeduca.es\/wp-content\/uploads\/2019\/01\/Soil-Net-300x216.jpg 300w, https:\/\/edafoeduca.es\/wp-content\/uploads\/2019\/01\/Soil-Net-768x553.jpg 768w\" sizes=\"(max-width: 962px) 100vw, 962px\" \/><\/a><\/p>\n<p><a href=\"https:\/\/www.soils4kids.org\/\">SOILS4KIDS<\/a><\/p>\n<p><a href=\"https:\/\/www.soils4kids.org\/\"><img decoding=\"async\" loading=\"lazy\" class=\"aligncenter size-large wp-image-580\" src=\"http:\/\/edafoeduca.es\/wp-content\/uploads\/2019\/01\/Soil4Kids-1024x691.jpg\" alt=\"\" width=\"640\" height=\"432\" srcset=\"https:\/\/edafoeduca.es\/wp-content\/uploads\/2019\/01\/Soil4Kids-1024x691.jpg 1024w, https:\/\/edafoeduca.es\/wp-content\/uploads\/2019\/01\/Soil4Kids-300x202.jpg 300w, https:\/\/edafoeduca.es\/wp-content\/uploads\/2019\/01\/Soil4Kids-768x518.jpg 768w, https:\/\/edafoeduca.es\/wp-content\/uploads\/2019\/01\/Soil4Kids.jpg 1266w\" sizes=\"(max-width: 640px) 100vw, 640px\" \/><\/a><\/p>\n<p><a href=\"http:\/\/www.natureherit.com\/knowledge-terra\">KNOWLEDGE@TERRA<\/a><\/p>\n<h2><strong>Recursos audiovisuales<\/strong><\/h2>\n<p class=\"title style-scope ytd-video-primary-info-renderer\"><a href=\"https:\/\/www.youtube.com\/watch?v=mPYEZhM4I28\">Muestra compuesta de suelo para an\u00e1lisis de fertilidad.\u00a9 UPV<\/a><\/p>\n<p class=\"title style-scope ytd-video-primary-info-renderer\"><a href=\"https:\/\/www.youtube.com\/watch?v=QSUf4t6iEy4\">C\u00f3mo describir el perfil de un suelo.\u00a9 UPV<\/a><\/p>\n","protected":false},"excerpt":{"rendered":"<p>Nos hemos propuesto facilitar la labor de los profesores y los alumnos, proporcionando material para ser utilizado tanto en las aulas como en casa. Esperamos que os gusten. Videos Suelos. Comisi\u00f3n Nacional Forestal. Gobierno de M\u00e9xico. Soil Is Alive! SciShow &hellip; <a href=\"https:\/\/edafoeduca.es\/index.php\/acerca-de\/\">Sigue leyendo <span class=\"meta-nav\">&rarr;<\/span><\/a><\/p>\n","protected":false},"author":1,"featured_media":0,"parent":0,"menu_order":6,"comment_status":"closed","ping_status":"closed","template":"","meta":{"footnotes":""},"yoast_head":"<!-- This site is optimized with the Yoast SEO plugin v20.4 - https:\/\/yoast.com\/wordpress\/plugins\/seo\/ -->\n<title>Recursos - Ense\u00f1anza en la Ciencia del Suelo<\/title>\n<meta name=\"robots\" content=\"index, follow, max-snippet:-1, max-image-preview:large, max-video-preview:-1\" \/>\n<link rel=\"canonical\" href=\"https:\/\/edafoeduca.es\/index.php\/acerca-de\/\" \/>\n<meta property=\"og:locale\" content=\"es_ES\" \/>\n<meta property=\"og:type\" content=\"article\" \/>\n<meta property=\"og:title\" content=\"Recursos - Ense\u00f1anza en la Ciencia del Suelo\" \/>\n<meta property=\"og:description\" content=\"Nos hemos propuesto facilitar la labor de los profesores y los alumnos, proporcionando material para ser utilizado tanto en las aulas como en casa. Esperamos que os gusten. Videos Suelos. Comisi\u00f3n Nacional Forestal. Gobierno de M\u00e9xico. Soil Is Alive! SciShow &hellip; Sigue leyendo &rarr;\" \/>\n<meta property=\"og:url\" content=\"https:\/\/edafoeduca.es\/index.php\/acerca-de\/\" \/>\n<meta property=\"og:site_name\" content=\"Ense\u00f1anza en la Ciencia del Suelo\" \/>\n<meta property=\"article:modified_time\" content=\"2025-12-16T18:32:41+00:00\" \/>\n<meta property=\"og:image\" content=\"http:\/\/edafoeduca.es\/wp-content\/uploads\/2020\/11\/Vermicompostaje-para-escolares_Lull.jpg\" \/>\n<meta name=\"twitter:card\" content=\"summary_large_image\" \/>\n<meta name=\"twitter:label1\" content=\"Tiempo de lectura\" \/>\n\t<meta name=\"twitter:data1\" content=\"7 minutos\" \/>\n<script type=\"application\/ld+json\" class=\"yoast-schema-graph\">{\"@context\":\"https:\/\/schema.org\",\"@graph\":[{\"@type\":\"WebPage\",\"@id\":\"https:\/\/edafoeduca.es\/index.php\/acerca-de\/\",\"url\":\"https:\/\/edafoeduca.es\/index.php\/acerca-de\/\",\"name\":\"Recursos - Ense\u00f1anza en la Ciencia del Suelo\",\"isPartOf\":{\"@id\":\"https:\/\/edafoeduca.es\/#website\"},\"datePublished\":\"2018-01-11T14:48:18+00:00\",\"dateModified\":\"2025-12-16T18:32:41+00:00\",\"breadcrumb\":{\"@id\":\"https:\/\/edafoeduca.es\/index.php\/acerca-de\/#breadcrumb\"},\"inLanguage\":\"es\",\"potentialAction\":[{\"@type\":\"ReadAction\",\"target\":[\"https:\/\/edafoeduca.es\/index.php\/acerca-de\/\"]}]},{\"@type\":\"BreadcrumbList\",\"@id\":\"https:\/\/edafoeduca.es\/index.php\/acerca-de\/#breadcrumb\",\"itemListElement\":[{\"@type\":\"ListItem\",\"position\":1,\"name\":\"Portada\",\"item\":\"https:\/\/edafoeduca.es\/\"},{\"@type\":\"ListItem\",\"position\":2,\"name\":\"Recursos\"}]},{\"@type\":\"WebSite\",\"@id\":\"https:\/\/edafoeduca.es\/#website\",\"url\":\"https:\/\/edafoeduca.es\/\",\"name\":\"Ense\u00f1anza en la Ciencia del Suelo\",\"description\":\"Edafoeduca_SECS\",\"potentialAction\":[{\"@type\":\"SearchAction\",\"target\":{\"@type\":\"EntryPoint\",\"urlTemplate\":\"https:\/\/edafoeduca.es\/?s={search_term_string}\"},\"query-input\":\"required name=search_term_string\"}],\"inLanguage\":\"es\"}]}<\/script>\n<!-- \/ Yoast SEO plugin. -->","yoast_head_json":{"title":"Recursos - Ense\u00f1anza en la Ciencia del Suelo","robots":{"index":"index","follow":"follow","max-snippet":"max-snippet:-1","max-image-preview":"max-image-preview:large","max-video-preview":"max-video-preview:-1"},"canonical":"https:\/\/edafoeduca.es\/index.php\/acerca-de\/","og_locale":"es_ES","og_type":"article","og_title":"Recursos - Ense\u00f1anza en la Ciencia del Suelo","og_description":"Nos hemos propuesto facilitar la labor de los profesores y los alumnos, proporcionando material para ser utilizado tanto en las aulas como en casa. Esperamos que os gusten. Videos Suelos. Comisi\u00f3n Nacional Forestal. Gobierno de M\u00e9xico. Soil Is Alive! SciShow &hellip; Sigue leyendo &rarr;","og_url":"https:\/\/edafoeduca.es\/index.php\/acerca-de\/","og_site_name":"Ense\u00f1anza en la Ciencia del Suelo","article_modified_time":"2025-12-16T18:32:41+00:00","og_image":[{"url":"http:\/\/edafoeduca.es\/wp-content\/uploads\/2020\/11\/Vermicompostaje-para-escolares_Lull.jpg"}],"twitter_card":"summary_large_image","twitter_misc":{"Tiempo de lectura":"7 minutos"},"schema":{"@context":"https:\/\/schema.org","@graph":[{"@type":"WebPage","@id":"https:\/\/edafoeduca.es\/index.php\/acerca-de\/","url":"https:\/\/edafoeduca.es\/index.php\/acerca-de\/","name":"Recursos - Ense\u00f1anza en la Ciencia del Suelo","isPartOf":{"@id":"https:\/\/edafoeduca.es\/#website"},"datePublished":"2018-01-11T14:48:18+00:00","dateModified":"2025-12-16T18:32:41+00:00","breadcrumb":{"@id":"https:\/\/edafoeduca.es\/index.php\/acerca-de\/#breadcrumb"},"inLanguage":"es","potentialAction":[{"@type":"ReadAction","target":["https:\/\/edafoeduca.es\/index.php\/acerca-de\/"]}]},{"@type":"BreadcrumbList","@id":"https:\/\/edafoeduca.es\/index.php\/acerca-de\/#breadcrumb","itemListElement":[{"@type":"ListItem","position":1,"name":"Portada","item":"https:\/\/edafoeduca.es\/"},{"@type":"ListItem","position":2,"name":"Recursos"}]},{"@type":"WebSite","@id":"https:\/\/edafoeduca.es\/#website","url":"https:\/\/edafoeduca.es\/","name":"Ense\u00f1anza en la Ciencia del Suelo","description":"Edafoeduca_SECS","potentialAction":[{"@type":"SearchAction","target":{"@type":"EntryPoint","urlTemplate":"https:\/\/edafoeduca.es\/?s={search_term_string}"},"query-input":"required name=search_term_string"}],"inLanguage":"es"}]}},"_links":{"self":[{"href":"https:\/\/edafoeduca.es\/index.php\/wp-json\/wp\/v2\/pages\/8"}],"collection":[{"href":"https:\/\/edafoeduca.es\/index.php\/wp-json\/wp\/v2\/pages"}],"about":[{"href":"https:\/\/edafoeduca.es\/index.php\/wp-json\/wp\/v2\/types\/page"}],"author":[{"embeddable":true,"href":"https:\/\/edafoeduca.es\/index.php\/wp-json\/wp\/v2\/users\/1"}],"replies":[{"embeddable":true,"href":"https:\/\/edafoeduca.es\/index.php\/wp-json\/wp\/v2\/comments?post=8"}],"version-history":[{"count":59,"href":"https:\/\/edafoeduca.es\/index.php\/wp-json\/wp\/v2\/pages\/8\/revisions"}],"predecessor-version":[{"id":2614,"href":"https:\/\/edafoeduca.es\/index.php\/wp-json\/wp\/v2\/pages\/8\/revisions\/2614"}],"wp:attachment":[{"href":"https:\/\/edafoeduca.es\/index.php\/wp-json\/wp\/v2\/media?parent=8"}],"curies":[{"name":"wp","href":"https:\/\/api.w.org\/{rel}","templated":true}]}}